{"id":10,"date":"2025-11-01T09:20:08","date_gmt":"2025-11-01T09:20:08","guid":{"rendered":"https:\/\/kantonad.fr\/?page_id=10"},"modified":"2026-02-09T14:34:53","modified_gmt":"2026-02-09T14:34:53","slug":"accueil","status":"publish","type":"page","link":"https:\/\/kantonad.fr\/","title":{"rendered":"Accueil"},"content":{"rendered":"\t\t<div data-elementor-type=\"wp-page\" data-elementor-id=\"10\" class=\"elementor elementor-10\">\n\t\t\t\t<div class=\"elementor-element elementor-element-62b55a2 e-con-full e-flex e-con e-parent\" data-id=\"62b55a2\" data-element_type=\"container\" data-settings=\"{&quot;background_background&quot;:&quot;slideshow&quot;,&quot;background_slideshow_gallery&quot;:[],&quot;background_slideshow_loop&quot;:&quot;yes&quot;,&quot;background_slideshow_slide_duration&quot;:5000,&quot;background_slideshow_slide_transition&quot;:&quot;fade&quot;,&quot;background_slideshow_transition_duration&quot;:500}\">\n\t\t<div class=\"elementor-element elementor-element-c5c7f46 e-con-full e-flex e-con e-child\" data-id=\"c5c7f46\" data-element_type=\"container\" data-settings=\"{&quot;background_background&quot;:&quot;slideshow&quot;,&quot;background_slideshow_gallery&quot;:[{&quot;id&quot;:746,&quot;url&quot;:&quot;http:\\\/\\\/kantonad.fr\\\/wp-content\\\/uploads\\\/2026\\\/02\\\/generated-image-1-1.png&quot;}],&quot;background_slideshow_loop&quot;:&quot;yes&quot;,&quot;background_slideshow_slide_duration&quot;:5000,&quot;background_slideshow_slide_transition&quot;:&quot;fade&quot;,&quot;background_slideshow_transition_duration&quot;:500}\">\n\t\t\t\t<div class=\"elementor-element elementor-element-3f6fcb4 elementor-widget elementor-widget-heading\" data-id=\"3f6fcb4\" data-element_type=\"widget\" data-widget_type=\"heading.default\">\n\t\t\t\t\t<h1 class=\"elementor-heading-title elementor-size-default\">Th\u00e9rapeute Addictologue \u00e0 Lyon<\/h1>\t\t\t\t<\/div>\n\t\t\t\t<div class=\"elementor-element elementor-element-b3c30cc elementor-widget elementor-widget-text-editor\" data-id=\"b3c30cc\" data-element_type=\"widget\" data-widget_type=\"text-editor.default\">\n\t\t\t\t\t\t\t\t\t<blockquote data-start=\"164\" data-end=\"913\"><p data-start=\"210\" data-end=\"359\"><strong>J\u2019accompagne les adultes, les adolescents et les familles confront\u00e9s aux probl\u00e9matiques addictives, dans une approche globale et personnalis\u00e9e.<\/strong><\/p><p data-start=\"366\" data-end=\"745\">La psychog\u00e9n\u00e9alogie permet d\u2019explorer les liens entre les comportements addictifs et l\u2019histoire familiale, en mettant en lumi\u00e8re certaines transmissions inconscientes. La th\u00e9rapie par r\u00e9alit\u00e9 virtuelle vient compl\u00e9ter cet accompagnement en offrant un espace d\u2019exp\u00e9rimentation s\u00e9curis\u00e9, favorisant la r\u00e9gulation \u00e9motionnelle et la prise de distance face aux situations \u00e0 risque.<\/p><p data-start=\"752\" data-end=\"913\">L\u2019accompagnement se d\u00e9roule dans un cadre bienveillant, respectueux du rythme de chacun-e, afin de soutenir des changements durables et adapt\u00e9s \u00e0 chaque situation.<\/p><\/blockquote>\t\t\t\t\t\t\t\t<\/div>\n\t\t\t\t<\/div>\n\t\t<div class=\"elementor-element elementor-element-37f5912 e-con-full e-flex e-con e-child\" data-id=\"37f5912\" data-element_type=\"container\">\n\t\t\t\t<\/div>\n\t\t\t\t<\/div>\n\t\t<div class=\"elementor-element elementor-element-2a8fd15 e-flex e-con-boxed e-con e-parent\" data-id=\"2a8fd15\" data-element_type=\"container\">\n\t\t\t\t\t<div class=\"e-con-inner\">\n\t\t<div class=\"elementor-element elementor-element-57d06ec e-con-full e-flex e-con e-child\" data-id=\"57d06ec\" data-element_type=\"container\">\n\t\t\t\t<div class=\"elementor-element elementor-element-9f350f4 elementor-widget elementor-widget-text-editor\" data-id=\"9f350f4\" data-element_type=\"widget\" data-widget_type=\"text-editor.default\">\n\t\t\t\t\t\t\t\t\t<p>La rencontre avec le champ de l&rsquo;addiction s&rsquo;est\u00a0 impos\u00e9e comme une \u00e9vidence. Ce domaine r\u00e9unit toutes les facettes de l&rsquo;humanit\u00e9 et fait \u00e9cho aux valeurs que je cultive aujourd&rsquo;hui, dans ma pratique de <strong>psychog\u00e9n\u00e9alogie.<\/strong><\/p>\t\t\t\t\t\t\t\t<\/div>\n\t\t\t\t<\/div>\n\t\t<div class=\"elementor-element elementor-element-2a1a1b2 e-con-full e-flex e-con e-child\" data-id=\"2a1a1b2\" data-element_type=\"container\">\n\t\t\t\t<div class=\"elementor-element elementor-element-39e4f77 elementor-widget elementor-widget-text-editor\" data-id=\"39e4f77\" data-element_type=\"widget\" data-widget_type=\"text-editor.default\">\n\t\t\t\t\t\t\t\t\t<p>Toujours guid\u00e9e par le d\u00e9sir <strong>d&rsquo;accompagner avec bienveillance<\/strong>, <strong>d&rsquo;\u00eatre aux c\u00f4t\u00e9s de la personne <\/strong>et de\u00a0<strong>favoriser la confiance et l&rsquo;autonomie,\u00a0<\/strong>je poursuis continuellement ma formation.<\/p><p>J&rsquo;int\u00e9gre \u00e0 ma pratique les outils contemporains qui me permmettent d&rsquo;offir un accompagnement\u00a0<strong>juste, respectueux et adapt\u00e9 \u00e0 chacun.<\/strong><\/p>\t\t\t\t\t\t\t\t<\/div>\n\t\t\t\t<\/div>\n\t\t\t\t\t<\/div>\n\t\t\t\t<\/div>\n\t\t<div class=\"elementor-element elementor-element-7074c2f e-flex e-con-boxed e-con e-parent\" data-id=\"7074c2f\" data-element_type=\"container\">\n\t\t\t\t\t<div class=\"e-con-inner\">\n\t\t\t\t<div class=\"elementor-element elementor-element-3e802f9 elementor-widget elementor-widget-button\" data-id=\"3e802f9\" data-element_type=\"widget\" data-widget_type=\"button.default\">\n\t\t\t\t\t\t\t\t\t\t<a class=\"elementor-button elementor-button-link elementor-size-sm\" href=\"https:\/\/kantonad.fr\/index.php\/contact\/\" target=\"_blank\">\n\t\t\t\t\t\t<span class=\"elementor-button-content-wrapper\">\n\t\t\t\t\t\t\t\t\t<span class=\"elementor-button-text\">Prendre un rendez-vous<\/span>\n\t\t\t\t\t<\/span>\n\t\t\t\t\t<\/a>\n\t\t\t\t\t\t\t\t<\/div>\n\t\t\t\t\t<\/div>\n\t\t\t\t<\/div>\n\t\t\t\t<\/div>\n\t\t","protected":false},"excerpt":{"rendered":"<p>Th\u00e9rapeute Addictologue \u00e0 Lyon J\u2019accompagne les adultes, les adolescents et les familles confront\u00e9s aux probl\u00e9matiques addictives, dans une approche globale et personnalis\u00e9e. La psychog\u00e9n\u00e9alogie permet d\u2019explorer les liens entre les comportements addictifs et l\u2019histoire familiale, en mettant en lumi\u00e8re certaines transmissions inconscientes. La th\u00e9rapie par r\u00e9alit\u00e9 virtuelle vient compl\u00e9ter cet accompagnement en offrant un espace [&hellip;]<\/p>\n","protected":false},"author":1,"featured_media":0,"parent":0,"menu_order":0,"comment_status":"closed","ping_status":"closed","template":"","meta":{"footnotes":""},"class_list":["post-10","page","type-page","status-publish","hentry"],"yoast_head":"<!-- This site is optimized with the Yoast SEO plugin v26.6 - https:\/\/yoast.com\/wordpress\/plugins\/seo\/ -->\n<title>Accueil - Nadia Kantorowicz<\/title>\n<meta name=\"description\" content=\"Nadia Kantorowicz th\u00e9rapeute addictologue , psychog\u00e9n\u00e9alogique , pratique de la Th\u00e9rapie \u00e0 la R\u00e9alit\u00e9 Virtuelle. KANTOROWICZ consultations.\" \/>\n<meta name=\"robots\" content=\"index, follow, max-snippet:-1, max-image-preview:large, max-video-preview:-1\" \/>\n<link rel=\"canonical\" href=\"https:\/\/kantonad.fr\/\" \/>\n<meta property=\"og:locale\" content=\"fr_FR\" \/>\n<meta property=\"og:type\" content=\"article\" \/>\n<meta property=\"og:title\" content=\"Accueil - Nadia Kantorowicz\" \/>\n<meta property=\"og:description\" content=\"Nadia Kantorowicz th\u00e9rapeute addictologue , psychog\u00e9n\u00e9alogique , pratique de la Th\u00e9rapie \u00e0 la R\u00e9alit\u00e9 Virtuelle. KANTOROWICZ consultations.\" \/>\n<meta property=\"og:url\" content=\"https:\/\/kantonad.fr\/\" \/>\n<meta property=\"og:site_name\" content=\"Nadia Kantorowicz\" \/>\n<meta property=\"article:modified_time\" content=\"2026-02-09T14:34:53+00:00\" \/>\n<meta name=\"twitter:card\" content=\"summary_large_image\" \/>\n<meta name=\"twitter:label1\" content=\"Dur\u00e9e de lecture estim\u00e9e\" \/>\n\t<meta name=\"twitter:data1\" content=\"1 minute\" \/>\n<script type=\"application\/ld+json\" class=\"yoast-schema-graph\">{\"@context\":\"https:\/\/schema.org\",\"@graph\":[{\"@type\":\"WebPage\",\"@id\":\"https:\/\/kantonad.fr\/\",\"url\":\"https:\/\/kantonad.fr\/\",\"name\":\"Accueil - Nadia Kantorowicz\",\"isPartOf\":{\"@id\":\"https:\/\/kantonad.fr\/#website\"},\"datePublished\":\"2025-11-01T09:20:08+00:00\",\"dateModified\":\"2026-02-09T14:34:53+00:00\",\"description\":\"Nadia Kantorowicz th\u00e9rapeute addictologue , psychog\u00e9n\u00e9alogique , pratique de la Th\u00e9rapie \u00e0 la R\u00e9alit\u00e9 Virtuelle. KANTOROWICZ consultations.\",\"breadcrumb\":{\"@id\":\"https:\/\/kantonad.fr\/#breadcrumb\"},\"inLanguage\":\"fr-FR\",\"potentialAction\":[{\"@type\":\"ReadAction\",\"target\":[\"https:\/\/kantonad.fr\/\"]}]},{\"@type\":\"BreadcrumbList\",\"@id\":\"https:\/\/kantonad.fr\/#breadcrumb\",\"itemListElement\":[{\"@type\":\"ListItem\",\"position\":1,\"name\":\"Accueil\",\"item\":\"https:\/\/kantonad.fr\/\"},{\"@type\":\"ListItem\",\"position\":2,\"name\":\"Accueil\"}]},{\"@type\":\"WebSite\",\"@id\":\"https:\/\/kantonad.fr\/#website\",\"url\":\"https:\/\/kantonad.fr\/\",\"name\":\"Nadia Kantorowicz\",\"description\":\"\",\"potentialAction\":[{\"@type\":\"SearchAction\",\"target\":{\"@type\":\"EntryPoint\",\"urlTemplate\":\"https:\/\/kantonad.fr\/?s={search_term_string}\"},\"query-input\":{\"@type\":\"PropertyValueSpecification\",\"valueRequired\":true,\"valueName\":\"search_term_string\"}}],\"inLanguage\":\"fr-FR\"}]}<\/script>\n<!-- \/ Yoast SEO plugin. -->","yoast_head_json":{"title":"Accueil - Nadia Kantorowicz","description":"Nadia Kantorowicz th\u00e9rapeute addictologue , psychog\u00e9n\u00e9alogique , pratique de la Th\u00e9rapie \u00e0 la R\u00e9alit\u00e9 Virtuelle. KANTOROWICZ consultations.","robots":{"index":"index","follow":"follow","max-snippet":"max-snippet:-1","max-image-preview":"max-image-preview:large","max-video-preview":"max-video-preview:-1"},"canonical":"https:\/\/kantonad.fr\/","og_locale":"fr_FR","og_type":"article","og_title":"Accueil - Nadia Kantorowicz","og_description":"Nadia Kantorowicz th\u00e9rapeute addictologue , psychog\u00e9n\u00e9alogique , pratique de la Th\u00e9rapie \u00e0 la R\u00e9alit\u00e9 Virtuelle. KANTOROWICZ consultations.","og_url":"https:\/\/kantonad.fr\/","og_site_name":"Nadia Kantorowicz","article_modified_time":"2026-02-09T14:34:53+00:00","twitter_card":"summary_large_image","twitter_misc":{"Dur\u00e9e de lecture estim\u00e9e":"1 minute"},"schema":{"@context":"https:\/\/schema.org","@graph":[{"@type":"WebPage","@id":"https:\/\/kantonad.fr\/","url":"https:\/\/kantonad.fr\/","name":"Accueil - Nadia Kantorowicz","isPartOf":{"@id":"https:\/\/kantonad.fr\/#website"},"datePublished":"2025-11-01T09:20:08+00:00","dateModified":"2026-02-09T14:34:53+00:00","description":"Nadia Kantorowicz th\u00e9rapeute addictologue , psychog\u00e9n\u00e9alogique , pratique de la Th\u00e9rapie \u00e0 la R\u00e9alit\u00e9 Virtuelle. KANTOROWICZ consultations.","breadcrumb":{"@id":"https:\/\/kantonad.fr\/#breadcrumb"},"inLanguage":"fr-FR","potentialAction":[{"@type":"ReadAction","target":["https:\/\/kantonad.fr\/"]}]},{"@type":"BreadcrumbList","@id":"https:\/\/kantonad.fr\/#breadcrumb","itemListElement":[{"@type":"ListItem","position":1,"name":"Accueil","item":"https:\/\/kantonad.fr\/"},{"@type":"ListItem","position":2,"name":"Accueil"}]},{"@type":"WebSite","@id":"https:\/\/kantonad.fr\/#website","url":"https:\/\/kantonad.fr\/","name":"Nadia Kantorowicz","description":"","potentialAction":[{"@type":"SearchAction","target":{"@type":"EntryPoint","urlTemplate":"https:\/\/kantonad.fr\/?s={search_term_string}"},"query-input":{"@type":"PropertyValueSpecification","valueRequired":true,"valueName":"search_term_string"}}],"inLanguage":"fr-FR"}]}},"_links":{"self":[{"href":"https:\/\/kantonad.fr\/index.php\/wp-json\/wp\/v2\/pages\/10","targetHints":{"allow":["GET"]}}],"collection":[{"href":"https:\/\/kantonad.fr\/index.php\/wp-json\/wp\/v2\/pages"}],"about":[{"href":"https:\/\/kantonad.fr\/index.php\/wp-json\/wp\/v2\/types\/page"}],"author":[{"embeddable":true,"href":"https:\/\/kantonad.fr\/index.php\/wp-json\/wp\/v2\/users\/1"}],"replies":[{"embeddable":true,"href":"https:\/\/kantonad.fr\/index.php\/wp-json\/wp\/v2\/comments?post=10"}],"version-history":[{"count":157,"href":"https:\/\/kantonad.fr\/index.php\/wp-json\/wp\/v2\/pages\/10\/revisions"}],"predecessor-version":[{"id":777,"href":"https:\/\/kantonad.fr\/index.php\/wp-json\/wp\/v2\/pages\/10\/revisions\/777"}],"wp:attachment":[{"href":"https:\/\/kantonad.fr\/index.php\/wp-json\/wp\/v2\/media?parent=10"}],"curies":[{"name":"wp","href":"https:\/\/api.w.org\/{rel}","templated":true}]}}