{"id":13,"date":"2025-11-01T09:23:28","date_gmt":"2025-11-01T09:23:28","guid":{"rendered":"https:\/\/kantonad.fr\/?page_id=13"},"modified":"2026-02-09T15:01:56","modified_gmt":"2026-02-09T15:01:56","slug":"qui-je-suis","status":"publish","type":"page","link":"https:\/\/kantonad.fr\/index.php\/qui-je-suis\/","title":{"rendered":"Qui suis-je ?"},"content":{"rendered":"\t\t<div data-elementor-type=\"wp-page\" data-elementor-id=\"13\" class=\"elementor elementor-13\">\n\t\t\t\t<div class=\"elementor-element elementor-element-9b27598 e-flex e-con-boxed e-con e-parent\" data-id=\"9b27598\" data-element_type=\"container\">\n\t\t\t\t\t<div class=\"e-con-inner\">\n\t\t<div class=\"elementor-element elementor-element-7c032af e-con-full e-flex e-con e-child\" data-id=\"7c032af\" data-element_type=\"container\">\n\t\t\t\t<div class=\"elementor-element elementor-element-a5410c8 elementor-widget elementor-widget-image\" data-id=\"a5410c8\" data-element_type=\"widget\" data-widget_type=\"image.default\">\n\t\t\t\t\t\t\t\t\t\t\t\t\t\t\t<img fetchpriority=\"high\" decoding=\"async\" width=\"800\" height=\"732\" src=\"https:\/\/kantonad.fr\/wp-content\/uploads\/2025\/12\/NADIA01-1024x937.jpg\" class=\"attachment-large size-large wp-image-200\" alt=\"\" srcset=\"https:\/\/kantonad.fr\/wp-content\/uploads\/2025\/12\/NADIA01-1024x937.jpg 1024w, https:\/\/kantonad.fr\/wp-content\/uploads\/2025\/12\/NADIA01-300x275.jpg 300w, https:\/\/kantonad.fr\/wp-content\/uploads\/2025\/12\/NADIA01-768x703.jpg 768w, https:\/\/kantonad.fr\/wp-content\/uploads\/2025\/12\/NADIA01-1536x1406.jpg 1536w, https:\/\/kantonad.fr\/wp-content\/uploads\/2025\/12\/NADIA01-2048x1874.jpg 2048w\" sizes=\"(max-width: 800px) 100vw, 800px\" \/>\t\t\t\t\t\t\t\t\t\t\t\t\t\t\t<\/div>\n\t\t\t\t<\/div>\n\t\t<div class=\"elementor-element elementor-element-d237ee6 e-con-full e-flex e-con e-child\" data-id=\"d237ee6\" data-element_type=\"container\">\n\t\t\t\t<\/div>\n\t\t\t\t\t<\/div>\n\t\t\t\t<\/div>\n\t\t<div class=\"elementor-element elementor-element-62eee40 e-flex e-con-boxed e-con e-parent\" data-id=\"62eee40\" data-element_type=\"container\">\n\t\t\t\t\t<div class=\"e-con-inner\">\n\t\t\t\t<div class=\"elementor-element elementor-element-da5e15e elementor-widget elementor-widget-text-editor\" data-id=\"da5e15e\" data-element_type=\"widget\" data-widget_type=\"text-editor.default\">\n\t\t\t\t\t\t\t\t\t<p>\u00a0<\/p><p>Apr\u00e8s des \u00e9tudes en comptabilit\u00e9 et secr\u00e9tariat, j\u2019ai d\u2019abord exerc\u00e9 au sein d\u2019associations humanitaires et culturelles. Ces premi\u00e8res exp\u00e9riences m\u2019ont permis de r\u00e9aliser que ce qui me motivait profond\u00e9ment, c\u2019\u00e9tait <strong>l\u2019humain<\/strong> \u2014 <strong>prendre soin de l\u2019autre<\/strong>.<\/p><p>\u00c0 25 ans, j\u2019ai choisi de passer le <strong>dipl\u00f4me d\u2019aide-soignante<\/strong>, une exp\u00e9rience que j\u2019ai v\u00e9cue avec un grand plaisir au sein de l\u2019h\u00f4pital. Ces ann\u00e9es m\u2019ont offert de belles rencontres professionnelles, qui m\u2019ont donn\u00e9 l\u2019\u00e9lan de <strong>reprendre mes \u00e9tudes pour devenir infirmi\u00e8re<\/strong>.<br \/>Un projet de six ann\u00e9es, entre remise \u00e0 niveau et obtention du dipl\u00f4me, men\u00e9 avec pers\u00e9v\u00e9rance et passion.<\/p><p>Dans ma pratique hospitali\u00e8re, j\u2019ai tr\u00e8s t\u00f4t \u00e9t\u00e9 sensible \u00e0 la <strong>posture du soignant<\/strong> \u2014 \u00e0 la communication verbale et non verbale, \u00e0 l\u2019\u00e9quilibre entre verticalit\u00e9 et horizontalit\u00e9 \u2014 afin de placer <strong>la rencontre<\/strong> au c\u0153ur de ma d\u00e9marche professionnelle.<br \/>Au fil de diff\u00e9rentes formations, j\u2019ai affin\u00e9 l\u2019art de <strong>placer la rencontre au centre de la prise en charge<\/strong>, pour pr\u00e9server une <strong>alliance th\u00e9rapeutique authentique et respectueuse<\/strong>.<\/p>\t\t\t\t\t\t\t\t<\/div>\n\t\t<div class=\"elementor-element elementor-element-b0ec7d0 e-con-full e-flex e-con e-child\" data-id=\"b0ec7d0\" data-element_type=\"container\">\n\t\t\t\t<div class=\"elementor-element elementor-element-f91875f elementor-widget__width-initial elementor-widget elementor-widget-text-editor\" data-id=\"f91875f\" data-element_type=\"widget\" data-widget_type=\"text-editor.default\">\n\t\t\t\t\t\t\t\t\t<p>Au fil du temps, j\u2019ai compris que prendre soin, c\u2019est avant tout cr\u00e9er des ponts entre les histoires, les \u00e9motions et les possibles.<\/p><p><strong>Aujourd\u2019hui, j\u2019accompagne chacun avec bienveillance et authenticit\u00e9, convaincue que chaque rencontre est une opportunit\u00e9 de transformation et de croissance personnelle.<\/strong><\/p>\t\t\t\t\t\t\t\t<\/div>\n\t\t\t\t<\/div>\n\t\t\t\t\t<\/div>\n\t\t\t\t<\/div>\n\t\t<div class=\"elementor-element elementor-element-bae4a5c e-flex e-con-boxed e-con e-parent\" data-id=\"bae4a5c\" data-element_type=\"container\">\n\t\t\t\t\t<div class=\"e-con-inner\">\n\t\t\t\t<div class=\"elementor-element elementor-element-dccf729 elementor-widget elementor-widget-heading\" data-id=\"dccf729\" data-element_type=\"widget\" data-widget_type=\"heading.default\">\n\t\t\t\t\t<h2 class=\"elementor-heading-title elementor-size-default\">FORMATION<\/h2>\t\t\t\t<\/div>\n\t\t\t\t\t<\/div>\n\t\t\t\t<\/div>\n\t\t<div class=\"elementor-element elementor-element-1c0e21d e-con-full e-flex e-con e-parent\" data-id=\"1c0e21d\" data-element_type=\"container\">\n\t\t<div class=\"elementor-element elementor-element-9394848 e-con-full e-flex e-con e-child\" data-id=\"9394848\" data-element_type=\"container\">\n\t\t\t\t<div class=\"elementor-element elementor-element-82a1366 elementor-widget__width-inherit elementor-widget elementor-widget-text-editor\" data-id=\"82a1366\" data-element_type=\"widget\" data-widget_type=\"text-editor.default\">\n\t\t\t\t\t\t\t\t\t<p><span style=\"text-decoration: underline;\">2023\/2024 :<\/span><\/p><p>Programme \u00e9veil et auto compassion et combative. Poursuite de la pratique m\u00e9ditative avec S.JOUDREN<\/p><p><span style=\"text-decoration: underline;\">2022\/2023 :<\/span><\/p><p>1er niveau de MBSR avec S.JOURDREN<\/p><p><span style=\"text-decoration: underline;\">2021<\/span> :<\/p><p>L&rsquo;arbre g\u00e9n\u00e9alogique comme outil th\u00e9rapeutique et p\u00e9dagogique en lien avec le travail de Mme SCH\u00dcTZENBEGER<\/p><p><u>2014 :<\/u><\/p><p>Education th\u00e9rapeutique niv.1 et 2.<\/p><p>Risque suicidaireaux urgences.<\/p><p><span style=\"text-decoration: underline;\">2012 :<\/span><\/p><p>Entretien motivationnel\u00a0<\/p><p><span style=\"text-decoration: underline;\">de 1999 \u00e0 2007 :<\/span><\/p><p>Formations ALS counseling\u00a0<\/p><p>Techniques d&rsquo;entretiens\u00a0<\/p><p>dipl\u00f4me d&rsquo;\u00e9tat Infirmi\u00e8re<\/p>\t\t\t\t\t\t\t\t<\/div>\n\t\t\t\t<\/div>\n\t\t<div class=\"elementor-element elementor-element-9e661f1 e-con-full e-flex e-con e-child\" data-id=\"9e661f1\" data-element_type=\"container\">\n\t\t\t\t<div class=\"elementor-element elementor-element-0380c58 elementor-widget elementor-widget-heading\" data-id=\"0380c58\" data-element_type=\"widget\" data-widget_type=\"heading.default\">\n\t\t\t\t\t<h1 class=\"elementor-heading-title elementor-size-default\">DIPLOMES UNIVERSITAIRES <\/h1>\t\t\t\t<\/div>\n\t\t\t\t<div class=\"elementor-element elementor-element-6943bd6 elementor-widget__width-inherit elementor-widget elementor-widget-text-editor\" data-id=\"6943bd6\" data-element_type=\"widget\" data-widget_type=\"text-editor.default\">\n\t\t\t\t\t\t\t\t\t<p><span style=\"text-decoration: underline;\">2011 :\u00a0<\/span><\/p><p>Etudes des toxicomanies<\/p><p><span style=\"text-decoration: underline;\">2006 :\u00a0<\/span><\/p><p>D.U d&rsquo;Alcoologie<\/p><p><span style=\"text-decoration: underline;\">2004 :\u00a0<\/span><\/p><p>D.I.U Prise en charge de la douleur<\/p>\t\t\t\t\t\t\t\t<\/div>\n\t\t\t\t<\/div>\n\t\t<div class=\"elementor-element elementor-element-846a401 e-con-full e-flex e-con e-child\" data-id=\"846a401\" data-element_type=\"container\">\n\t\t\t\t<div class=\"elementor-element elementor-element-e84deea elementor-widget elementor-widget-heading\" data-id=\"e84deea\" data-element_type=\"widget\" data-widget_type=\"heading.default\">\n\t\t\t\t\t<h1 class=\"elementor-heading-title elementor-size-default\">AUTRES COMPETENCES <\/h1>\t\t\t\t<\/div>\n\t\t\t\t<\/div>\n\t\t\t\t<\/div>\n\t\t<div class=\"elementor-element elementor-element-4672c25 e-flex e-con-boxed e-con e-parent\" data-id=\"4672c25\" data-element_type=\"container\">\n\t\t\t\t\t<div class=\"e-con-inner\">\n\t\t\t\t<div class=\"elementor-element elementor-element-0b0d1b9 elementor-widget__width-initial elementor-widget elementor-widget-text-editor\" data-id=\"0b0d1b9\" data-element_type=\"widget\" data-widget_type=\"text-editor.default\">\n\t\t\t\t\t\t\t\t\t<p>Dispense des formations de base en addictologie .<\/p><p>Conf\u00e9rences en addictologie en SSR\u00a0<\/p>\t\t\t\t\t\t\t\t<\/div>\n\t\t\t\t\t<\/div>\n\t\t\t\t<\/div>\n\t\t\t\t<\/div>\n\t\t","protected":false},"excerpt":{"rendered":"<p>\u00a0 Apr\u00e8s des \u00e9tudes en comptabilit\u00e9 et secr\u00e9tariat, j\u2019ai d\u2019abord exerc\u00e9 au sein d\u2019associations humanitaires et culturelles. Ces premi\u00e8res exp\u00e9riences m\u2019ont permis de r\u00e9aliser que ce qui me motivait profond\u00e9ment, c\u2019\u00e9tait l\u2019humain \u2014 prendre soin de l\u2019autre. \u00c0 25 ans, j\u2019ai choisi de passer le dipl\u00f4me d\u2019aide-soignante, une exp\u00e9rience que j\u2019ai v\u00e9cue avec un grand [&hellip;]<\/p>\n","protected":false},"author":1,"featured_media":0,"parent":0,"menu_order":0,"comment_status":"closed","ping_status":"closed","template":"","meta":{"footnotes":""},"class_list":["post-13","page","type-page","status-publish","hentry"],"yoast_head":"<!-- This site is optimized with the Yoast SEO plugin v26.6 - https:\/\/yoast.com\/wordpress\/plugins\/seo\/ -->\n<title>Qui suis-je ? - Nadia Kantorowicz<\/title>\n<meta name=\"description\" content=\"Nadia KANTOROWICZ, th\u00e9rapeute sp\u00e9cialis\u00e9 en addictologique , psychog\u00e9n\u00e9alogie, TERV et pleine conscience. consultations bureau, domicile..\" \/>\n<meta name=\"robots\" content=\"index, follow, max-snippet:-1, max-image-preview:large, max-video-preview:-1\" \/>\n<link rel=\"canonical\" href=\"https:\/\/kantonad.fr\/index.php\/qui-je-suis\/\" \/>\n<meta property=\"og:locale\" content=\"fr_FR\" \/>\n<meta property=\"og:type\" content=\"article\" \/>\n<meta property=\"og:title\" content=\"Qui suis-je ? - Nadia Kantorowicz\" \/>\n<meta property=\"og:description\" content=\"Nadia KANTOROWICZ, th\u00e9rapeute sp\u00e9cialis\u00e9 en addictologique , psychog\u00e9n\u00e9alogie, TERV et pleine conscience. consultations bureau, domicile..\" \/>\n<meta property=\"og:url\" content=\"https:\/\/kantonad.fr\/index.php\/qui-je-suis\/\" \/>\n<meta property=\"og:site_name\" content=\"Nadia Kantorowicz\" \/>\n<meta property=\"article:modified_time\" content=\"2026-02-09T15:01:56+00:00\" \/>\n<meta property=\"og:image\" content=\"http:\/\/kantonad.fr\/wp-content\/uploads\/2025\/12\/NADIA01-1024x937.jpg\" \/>\n<meta name=\"twitter:card\" content=\"summary_large_image\" \/>\n<meta name=\"twitter:label1\" content=\"Dur\u00e9e de lecture estim\u00e9e\" \/>\n\t<meta name=\"twitter:data1\" content=\"2 minutes\" \/>\n<script type=\"application\/ld+json\" class=\"yoast-schema-graph\">{\"@context\":\"https:\/\/schema.org\",\"@graph\":[{\"@type\":\"WebPage\",\"@id\":\"https:\/\/kantonad.fr\/index.php\/qui-je-suis\/\",\"url\":\"https:\/\/kantonad.fr\/index.php\/qui-je-suis\/\",\"name\":\"Qui suis-je ? - Nadia Kantorowicz\",\"isPartOf\":{\"@id\":\"https:\/\/kantonad.fr\/#website\"},\"primaryImageOfPage\":{\"@id\":\"https:\/\/kantonad.fr\/index.php\/qui-je-suis\/#primaryimage\"},\"image\":{\"@id\":\"https:\/\/kantonad.fr\/index.php\/qui-je-suis\/#primaryimage\"},\"thumbnailUrl\":\"http:\/\/kantonad.fr\/wp-content\/uploads\/2025\/12\/NADIA01-1024x937.jpg\",\"datePublished\":\"2025-11-01T09:23:28+00:00\",\"dateModified\":\"2026-02-09T15:01:56+00:00\",\"description\":\"Nadia KANTOROWICZ, th\u00e9rapeute sp\u00e9cialis\u00e9 en addictologique , psychog\u00e9n\u00e9alogie, TERV et pleine conscience. consultations bureau, domicile..\",\"breadcrumb\":{\"@id\":\"https:\/\/kantonad.fr\/index.php\/qui-je-suis\/#breadcrumb\"},\"inLanguage\":\"fr-FR\",\"potentialAction\":[{\"@type\":\"ReadAction\",\"target\":[\"https:\/\/kantonad.fr\/index.php\/qui-je-suis\/\"]}]},{\"@type\":\"ImageObject\",\"inLanguage\":\"fr-FR\",\"@id\":\"https:\/\/kantonad.fr\/index.php\/qui-je-suis\/#primaryimage\",\"url\":\"https:\/\/kantonad.fr\/wp-content\/uploads\/2025\/12\/NADIA01-scaled.jpg\",\"contentUrl\":\"https:\/\/kantonad.fr\/wp-content\/uploads\/2025\/12\/NADIA01-scaled.jpg\",\"width\":2560,\"height\":2343},{\"@type\":\"BreadcrumbList\",\"@id\":\"https:\/\/kantonad.fr\/index.php\/qui-je-suis\/#breadcrumb\",\"itemListElement\":[{\"@type\":\"ListItem\",\"position\":1,\"name\":\"Accueil\",\"item\":\"https:\/\/kantonad.fr\/\"},{\"@type\":\"ListItem\",\"position\":2,\"name\":\"Qui suis-je ?\"}]},{\"@type\":\"WebSite\",\"@id\":\"https:\/\/kantonad.fr\/#website\",\"url\":\"https:\/\/kantonad.fr\/\",\"name\":\"Nadia Kantorowicz\",\"description\":\"\",\"potentialAction\":[{\"@type\":\"SearchAction\",\"target\":{\"@type\":\"EntryPoint\",\"urlTemplate\":\"https:\/\/kantonad.fr\/?s={search_term_string}\"},\"query-input\":{\"@type\":\"PropertyValueSpecification\",\"valueRequired\":true,\"valueName\":\"search_term_string\"}}],\"inLanguage\":\"fr-FR\"}]}<\/script>\n<!-- \/ Yoast SEO plugin. -->","yoast_head_json":{"title":"Qui suis-je ? - Nadia Kantorowicz","description":"Nadia KANTOROWICZ, th\u00e9rapeute sp\u00e9cialis\u00e9 en addictologique , psychog\u00e9n\u00e9alogie, TERV et pleine conscience. consultations bureau, domicile..","robots":{"index":"index","follow":"follow","max-snippet":"max-snippet:-1","max-image-preview":"max-image-preview:large","max-video-preview":"max-video-preview:-1"},"canonical":"https:\/\/kantonad.fr\/index.php\/qui-je-suis\/","og_locale":"fr_FR","og_type":"article","og_title":"Qui suis-je ? - Nadia Kantorowicz","og_description":"Nadia KANTOROWICZ, th\u00e9rapeute sp\u00e9cialis\u00e9 en addictologique , psychog\u00e9n\u00e9alogie, TERV et pleine conscience. consultations bureau, domicile..","og_url":"https:\/\/kantonad.fr\/index.php\/qui-je-suis\/","og_site_name":"Nadia Kantorowicz","article_modified_time":"2026-02-09T15:01:56+00:00","og_image":[{"url":"http:\/\/kantonad.fr\/wp-content\/uploads\/2025\/12\/NADIA01-1024x937.jpg","type":"","width":"","height":""}],"twitter_card":"summary_large_image","twitter_misc":{"Dur\u00e9e de lecture estim\u00e9e":"2 minutes"},"schema":{"@context":"https:\/\/schema.org","@graph":[{"@type":"WebPage","@id":"https:\/\/kantonad.fr\/index.php\/qui-je-suis\/","url":"https:\/\/kantonad.fr\/index.php\/qui-je-suis\/","name":"Qui suis-je ? - Nadia Kantorowicz","isPartOf":{"@id":"https:\/\/kantonad.fr\/#website"},"primaryImageOfPage":{"@id":"https:\/\/kantonad.fr\/index.php\/qui-je-suis\/#primaryimage"},"image":{"@id":"https:\/\/kantonad.fr\/index.php\/qui-je-suis\/#primaryimage"},"thumbnailUrl":"http:\/\/kantonad.fr\/wp-content\/uploads\/2025\/12\/NADIA01-1024x937.jpg","datePublished":"2025-11-01T09:23:28+00:00","dateModified":"2026-02-09T15:01:56+00:00","description":"Nadia KANTOROWICZ, th\u00e9rapeute sp\u00e9cialis\u00e9 en addictologique , psychog\u00e9n\u00e9alogie, TERV et pleine conscience. consultations bureau, domicile..","breadcrumb":{"@id":"https:\/\/kantonad.fr\/index.php\/qui-je-suis\/#breadcrumb"},"inLanguage":"fr-FR","potentialAction":[{"@type":"ReadAction","target":["https:\/\/kantonad.fr\/index.php\/qui-je-suis\/"]}]},{"@type":"ImageObject","inLanguage":"fr-FR","@id":"https:\/\/kantonad.fr\/index.php\/qui-je-suis\/#primaryimage","url":"https:\/\/kantonad.fr\/wp-content\/uploads\/2025\/12\/NADIA01-scaled.jpg","contentUrl":"https:\/\/kantonad.fr\/wp-content\/uploads\/2025\/12\/NADIA01-scaled.jpg","width":2560,"height":2343},{"@type":"BreadcrumbList","@id":"https:\/\/kantonad.fr\/index.php\/qui-je-suis\/#breadcrumb","itemListElement":[{"@type":"ListItem","position":1,"name":"Accueil","item":"https:\/\/kantonad.fr\/"},{"@type":"ListItem","position":2,"name":"Qui suis-je ?"}]},{"@type":"WebSite","@id":"https:\/\/kantonad.fr\/#website","url":"https:\/\/kantonad.fr\/","name":"Nadia Kantorowicz","description":"","potentialAction":[{"@type":"SearchAction","target":{"@type":"EntryPoint","urlTemplate":"https:\/\/kantonad.fr\/?s={search_term_string}"},"query-input":{"@type":"PropertyValueSpecification","valueRequired":true,"valueName":"search_term_string"}}],"inLanguage":"fr-FR"}]}},"_links":{"self":[{"href":"https:\/\/kantonad.fr\/index.php\/wp-json\/wp\/v2\/pages\/13","targetHints":{"allow":["GET"]}}],"collection":[{"href":"https:\/\/kantonad.fr\/index.php\/wp-json\/wp\/v2\/pages"}],"about":[{"href":"https:\/\/kantonad.fr\/index.php\/wp-json\/wp\/v2\/types\/page"}],"author":[{"embeddable":true,"href":"https:\/\/kantonad.fr\/index.php\/wp-json\/wp\/v2\/users\/1"}],"replies":[{"embeddable":true,"href":"https:\/\/kantonad.fr\/index.php\/wp-json\/wp\/v2\/comments?post=13"}],"version-history":[{"count":93,"href":"https:\/\/kantonad.fr\/index.php\/wp-json\/wp\/v2\/pages\/13\/revisions"}],"predecessor-version":[{"id":784,"href":"https:\/\/kantonad.fr\/index.php\/wp-json\/wp\/v2\/pages\/13\/revisions\/784"}],"wp:attachment":[{"href":"https:\/\/kantonad.fr\/index.php\/wp-json\/wp\/v2\/media?parent=13"}],"curies":[{"name":"wp","href":"https:\/\/api.w.org\/{rel}","templated":true}]}}