{"id":17,"date":"2025-11-01T09:25:08","date_gmt":"2025-11-01T09:25:08","guid":{"rendered":"https:\/\/kantonad.fr\/?page_id=17"},"modified":"2026-01-27T21:14:12","modified_gmt":"2026-01-27T21:14:12","slug":"addictions","status":"publish","type":"page","link":"https:\/\/kantonad.fr\/index.php\/addictions\/","title":{"rendered":"Addictions"},"content":{"rendered":"\t\t<div data-elementor-type=\"wp-page\" data-elementor-id=\"17\" class=\"elementor elementor-17\">\n\t\t\t\t<div class=\"elementor-element elementor-element-349b861 e-flex e-con-boxed e-con e-parent\" data-id=\"349b861\" data-element_type=\"container\">\n\t\t\t\t\t<div class=\"e-con-inner\">\n\t\t<div class=\"elementor-element elementor-element-7a3ad0f e-con-full e-flex e-con e-child\" data-id=\"7a3ad0f\" data-element_type=\"container\">\n\t\t\t\t<div class=\"elementor-element elementor-element-13cd369 elementor-widget elementor-widget-image\" data-id=\"13cd369\" data-element_type=\"widget\" data-widget_type=\"image.default\">\n\t\t\t\t\t\t\t\t\t\t\t\t\t\t\t<img fetchpriority=\"high\" decoding=\"async\" width=\"300\" height=\"279\" src=\"https:\/\/kantonad.fr\/wp-content\/uploads\/2025\/11\/labyrinthe-300x279.webp\" class=\"attachment-medium size-medium wp-image-49\" alt=\"comment sortir d&#039;une addiction\" srcset=\"https:\/\/kantonad.fr\/wp-content\/uploads\/2025\/11\/labyrinthe-300x279.webp 300w, https:\/\/kantonad.fr\/wp-content\/uploads\/2025\/11\/labyrinthe.webp 512w\" sizes=\"(max-width: 300px) 100vw, 300px\" \/>\t\t\t\t\t\t\t\t\t\t\t\t\t\t\t<\/div>\n\t\t\t\t<\/div>\n\t\t<div class=\"elementor-element elementor-element-d81e4f2 e-con-full e-flex e-con e-child\" data-id=\"d81e4f2\" data-element_type=\"container\">\n\t\t\t\t<div class=\"elementor-element elementor-element-b934730 elementor-widget elementor-widget-image\" data-id=\"b934730\" data-element_type=\"widget\" data-widget_type=\"image.default\">\n\t\t\t\t\t\t\t\t\t\t\t\t\t\t\t<img decoding=\"async\" width=\"300\" height=\"232\" src=\"https:\/\/kantonad.fr\/wp-content\/uploads\/2025\/11\/cerveau-addiction-300x232.webp\" class=\"attachment-medium size-medium wp-image-106\" alt=\"\" srcset=\"https:\/\/kantonad.fr\/wp-content\/uploads\/2025\/11\/cerveau-addiction-300x232.webp 300w, https:\/\/kantonad.fr\/wp-content\/uploads\/2025\/11\/cerveau-addiction-1024x791.webp 1024w, https:\/\/kantonad.fr\/wp-content\/uploads\/2025\/11\/cerveau-addiction-768x593.webp 768w, https:\/\/kantonad.fr\/wp-content\/uploads\/2025\/11\/cerveau-addiction.webp 1280w\" sizes=\"(max-width: 300px) 100vw, 300px\" \/>\t\t\t\t\t\t\t\t\t\t\t\t\t\t\t<\/div>\n\t\t\t\t<\/div>\n\t\t<div class=\"elementor-element elementor-element-913408c e-con-full e-flex e-con e-child\" data-id=\"913408c\" data-element_type=\"container\" data-settings=\"{&quot;background_background&quot;:&quot;gradient&quot;}\">\n\t\t\t\t<div class=\"elementor-element elementor-element-b0311a4 elementor-widget elementor-widget-text-editor\" data-id=\"b0311a4\" data-element_type=\"widget\" data-widget_type=\"text-editor.default\">\n\t\t\t\t\t\t\t\t\t<p>\u00a0<\/p><p>Un soutien sp\u00e9cialis\u00e9 pour les addictions aux produits licites, illicites et les addictions comportementales.<\/p><p>J&rsquo;accompagne toute personne confront\u00e9e \u00e0 une conduite addictive, qu\u2019il s\u2019agisse de tabac, d\u2019alcool, de m\u00e9dicaments, de produits illicites ou encore d\u2019addictions comportementales comme les jeux d\u2019argent, les \u00e9crans, les achats compulsifs ou l\u2019hypersexualit\u00e9.<\/p><p>L&rsquo;approche repose sur l\u2019\u00e9coute, la confidentialit\u00e9 et une prise en charge bienveillante, adapt\u00e9e aux besoins et au rythme de chacun.<\/p>\t\t\t\t\t\t\t\t<\/div>\n\t\t\t\t<\/div>\n\t\t\t\t\t<\/div>\n\t\t\t\t<\/div>\n\t\t<div class=\"elementor-element elementor-element-781d676 e-flex e-con-boxed e-con e-parent\" data-id=\"781d676\" data-element_type=\"container\">\n\t\t\t\t\t<div class=\"e-con-inner\">\n\t\t<div class=\"elementor-element elementor-element-a7aad8c e-con-full e-flex e-con e-child\" data-id=\"a7aad8c\" data-element_type=\"container\">\n\t\t\t\t<div class=\"elementor-element elementor-element-985392a elementor-widget elementor-widget-text-editor\" data-id=\"985392a\" data-element_type=\"widget\" data-widget_type=\"text-editor.default\">\n\t\t\t\t\t\t\t\t\t<h3><strong data-start=\"1374\" data-end=\"1412\"><img decoding=\"async\" class=\"emoji\" role=\"img\" draggable=\"false\" src=\"https:\/\/s.w.org\/images\/core\/emoji\/17.0.2\/svg\/1f539.svg\" alt=\"\ud83d\udd39\" \/> Addictions aux produits licites<\/strong><\/h3><ul><li data-start=\"1292\" data-end=\"1301\"><p data-start=\"1294\" data-end=\"1301\">Tabac<\/p><\/li><li data-start=\"1302\" data-end=\"1312\"><p data-start=\"1304\" data-end=\"1312\">Alcool<\/p><\/li><li data-start=\"1313\" data-end=\"1368\"><p data-start=\"1315\" data-end=\"1368\">M\u00e9dicaments (anxiolytiques, antalgiques, somnif\u00e8res\u2026)<\/p><\/li><\/ul><h3 data-start=\"1370\" data-end=\"1412\"><strong data-start=\"1374\" data-end=\"1412\"><img decoding=\"async\" class=\"emoji\" role=\"img\" draggable=\"false\" src=\"https:\/\/s.w.org\/images\/core\/emoji\/17.0.2\/svg\/1f539.svg\" alt=\"\ud83d\udd39\" \/> Addictions \u00e0 produits illicites<\/strong><\/h3><ul data-start=\"1413\" data-end=\"1483\"><li data-start=\"1413\" data-end=\"1425\"><p data-start=\"1415\" data-end=\"1425\">Opio\u00efdes<\/p><\/li><li data-start=\"1426\" data-end=\"1471\"><p data-start=\"1428\" data-end=\"1471\">Psychostimulants (coca\u00efne, amph\u00e9tamines\u2026)<\/p><\/li><li data-start=\"1472\" data-end=\"1483\"><p data-start=\"1474\" data-end=\"1483\">Cannabis\u2026<\/p><\/li><\/ul><h3 data-start=\"1485\" data-end=\"1523\"><strong data-start=\"1489\" data-end=\"1523\"><img decoding=\"async\" class=\"emoji\" role=\"img\" draggable=\"false\" src=\"https:\/\/s.w.org\/images\/core\/emoji\/17.0.2\/svg\/1f539.svg\" alt=\"\ud83d\udd39\" \/> Addictions comportementales<\/strong><\/h3><ul data-start=\"1524\" data-end=\"1666\"><li data-start=\"1524\" data-end=\"1554\"><p data-start=\"1526\" data-end=\"1554\">Jeux d\u2019argent et de hasard<\/p><\/li><li data-start=\"1555\" data-end=\"1602\"><p data-start=\"1557\" data-end=\"1602\">Usage probl\u00e9matique des \u00e9crans \/ jeux vid\u00e9o<\/p><\/li><li data-start=\"1603\" data-end=\"1624\"><p data-start=\"1605\" data-end=\"1624\">Achats compulsifs<\/p><\/li><li data-start=\"1625\" data-end=\"1643\"><p data-start=\"1627\" data-end=\"1643\">Hypersexualit\u00e9<\/p><\/li><li data-start=\"1644\" data-end=\"1666\"><p data-start=\"1646\" data-end=\"1666\">Travail compulsif\u2026<\/p><\/li><\/ul>\t\t\t\t\t\t\t\t<\/div>\n\t\t\t\t<\/div>\n\t\t<div class=\"elementor-element elementor-element-36507fd e-con-full e-flex e-con e-child\" data-id=\"36507fd\" data-element_type=\"container\">\n\t\t\t\t<div class=\"elementor-element elementor-element-7c56288 elementor-widget__width-initial elementor-widget elementor-widget-text-editor\" data-id=\"7c56288\" data-element_type=\"widget\" data-widget_type=\"text-editor.default\">\n\t\t\t\t\t\t\t\t\t<h3><b>M\u00e9thodes :<\/b><\/h3><p>Entretiens motivationnels<br data-start=\"1721\" data-end=\"1724\" \/>Th\u00e9rapies cognitivo-comportementales (TCC)<br data-start=\"1768\" data-end=\"1771\" \/>Soutien psychosocial<br data-start=\"1793\" data-end=\"1796\" \/>Travail sur la r\u00e9duction des risques et des dommages<\/p>\t\t\t\t\t\t\t\t<\/div>\n\t\t\t\t<\/div>\n\t\t\t\t\t<\/div>\n\t\t\t\t<\/div>\n\t\t<div class=\"elementor-element elementor-element-ae75f14 e-flex e-con-boxed e-con e-parent\" data-id=\"ae75f14\" data-element_type=\"container\">\n\t\t\t\t\t<div class=\"e-con-inner\">\n\t\t\t\t\t<\/div>\n\t\t\t\t<\/div>\n\t\t<div class=\"elementor-element elementor-element-d524c22 e-flex e-con-boxed e-con e-parent\" data-id=\"d524c22\" data-element_type=\"container\">\n\t\t\t\t\t<div class=\"e-con-inner\">\n\t\t\t\t<div class=\"elementor-element elementor-element-5c29f86 elementor-widget-divider--view-line elementor-widget elementor-widget-divider\" data-id=\"5c29f86\" data-element_type=\"widget\" data-widget_type=\"divider.default\">\n\t\t\t\t\t\t\t<div class=\"elementor-divider\">\n\t\t\t<span class=\"elementor-divider-separator\">\n\t\t\t\t\t\t<\/span>\n\t\t<\/div>\n\t\t\t\t\t\t<\/div>\n\t\t\t\t\t<\/div>\n\t\t\t\t<\/div>\n\t\t<div class=\"elementor-element elementor-element-feb21c0 e-flex e-con-boxed e-con e-parent\" data-id=\"feb21c0\" data-element_type=\"container\">\n\t\t\t\t\t<div class=\"e-con-inner\">\n\t\t\t\t<div class=\"elementor-element elementor-element-33d86b1 elementor-widget elementor-widget-button\" data-id=\"33d86b1\" data-element_type=\"widget\" data-widget_type=\"button.default\">\n\t\t\t\t\t\t\t\t\t\t<a class=\"elementor-button elementor-button-link elementor-size-sm\" href=\"https:\/\/kantonad.fr\/index.php\/contact\/\" target=\"_blank\">\n\t\t\t\t\t\t<span class=\"elementor-button-content-wrapper\">\n\t\t\t\t\t\t\t\t\t<span class=\"elementor-button-text\">Prendre un rendez-vous<\/span>\n\t\t\t\t\t<\/span>\n\t\t\t\t\t<\/a>\n\t\t\t\t\t\t\t\t<\/div>\n\t\t\t\t\t<\/div>\n\t\t\t\t<\/div>\n\t\t\t\t<\/div>\n\t\t","protected":false},"excerpt":{"rendered":"<p>\u00a0 Un soutien sp\u00e9cialis\u00e9 pour les addictions aux produits licites, illicites et les addictions comportementales. J&rsquo;accompagne toute personne confront\u00e9e \u00e0 une conduite addictive, qu\u2019il s\u2019agisse de tabac, d\u2019alcool, de m\u00e9dicaments, de produits illicites ou encore d\u2019addictions comportementales comme les jeux d\u2019argent, les \u00e9crans, les achats compulsifs ou l\u2019hypersexualit\u00e9. L&rsquo;approche repose sur l\u2019\u00e9coute, la confidentialit\u00e9 et [&hellip;]<\/p>\n","protected":false},"author":1,"featured_media":0,"parent":0,"menu_order":0,"comment_status":"closed","ping_status":"closed","template":"","meta":{"footnotes":""},"class_list":["post-17","page","type-page","status-publish","hentry"],"yoast_head":"<!-- This site is optimized with the Yoast SEO plugin v26.6 - https:\/\/yoast.com\/wordpress\/plugins\/seo\/ -->\n<title>Addictions - Nadia Kantorowicz<\/title>\n<meta name=\"description\" content=\"Nadia KANTOROWICZ th\u00e9rapeute addictologue \u00e0 Lyon toutes addictions produits licites et illicites, comportementales .possibilit\u00e9 de paiement.\" \/>\n<meta name=\"robots\" content=\"index, follow, max-snippet:-1, max-image-preview:large, max-video-preview:-1\" \/>\n<link rel=\"canonical\" href=\"https:\/\/kantonad.fr\/index.php\/addictions\/\" \/>\n<meta property=\"og:locale\" content=\"fr_FR\" \/>\n<meta property=\"og:type\" content=\"article\" \/>\n<meta property=\"og:title\" content=\"Addictions - Nadia Kantorowicz\" \/>\n<meta property=\"og:description\" content=\"Nadia KANTOROWICZ th\u00e9rapeute addictologue \u00e0 Lyon toutes addictions produits licites et illicites, comportementales .possibilit\u00e9 de paiement.\" \/>\n<meta property=\"og:url\" content=\"https:\/\/kantonad.fr\/index.php\/addictions\/\" \/>\n<meta property=\"og:site_name\" content=\"Nadia Kantorowicz\" \/>\n<meta property=\"article:modified_time\" content=\"2026-01-27T21:14:12+00:00\" \/>\n<meta property=\"og:image\" content=\"http:\/\/kantonad.fr\/wp-content\/uploads\/2025\/11\/labyrinthe-300x279.webp\" \/>\n<meta name=\"twitter:card\" content=\"summary_large_image\" \/>\n<meta name=\"twitter:label1\" content=\"Dur\u00e9e de lecture estim\u00e9e\" \/>\n\t<meta name=\"twitter:data1\" content=\"2 minutes\" \/>\n<script type=\"application\/ld+json\" class=\"yoast-schema-graph\">{\"@context\":\"https:\/\/schema.org\",\"@graph\":[{\"@type\":\"WebPage\",\"@id\":\"https:\/\/kantonad.fr\/index.php\/addictions\/\",\"url\":\"https:\/\/kantonad.fr\/index.php\/addictions\/\",\"name\":\"Addictions - Nadia Kantorowicz\",\"isPartOf\":{\"@id\":\"https:\/\/kantonad.fr\/#website\"},\"primaryImageOfPage\":{\"@id\":\"https:\/\/kantonad.fr\/index.php\/addictions\/#primaryimage\"},\"image\":{\"@id\":\"https:\/\/kantonad.fr\/index.php\/addictions\/#primaryimage\"},\"thumbnailUrl\":\"http:\/\/kantonad.fr\/wp-content\/uploads\/2025\/11\/labyrinthe-300x279.webp\",\"datePublished\":\"2025-11-01T09:25:08+00:00\",\"dateModified\":\"2026-01-27T21:14:12+00:00\",\"description\":\"Nadia KANTOROWICZ th\u00e9rapeute addictologue \u00e0 Lyon toutes addictions produits licites et illicites, comportementales .possibilit\u00e9 de paiement.\",\"breadcrumb\":{\"@id\":\"https:\/\/kantonad.fr\/index.php\/addictions\/#breadcrumb\"},\"inLanguage\":\"fr-FR\",\"potentialAction\":[{\"@type\":\"ReadAction\",\"target\":[\"https:\/\/kantonad.fr\/index.php\/addictions\/\"]}]},{\"@type\":\"ImageObject\",\"inLanguage\":\"fr-FR\",\"@id\":\"https:\/\/kantonad.fr\/index.php\/addictions\/#primaryimage\",\"url\":\"https:\/\/kantonad.fr\/wp-content\/uploads\/2025\/11\/labyrinthe.webp\",\"contentUrl\":\"https:\/\/kantonad.fr\/wp-content\/uploads\/2025\/11\/labyrinthe.webp\",\"width\":512,\"height\":477,\"caption\":\"comment sortir d'une addiction\"},{\"@type\":\"BreadcrumbList\",\"@id\":\"https:\/\/kantonad.fr\/index.php\/addictions\/#breadcrumb\",\"itemListElement\":[{\"@type\":\"ListItem\",\"position\":1,\"name\":\"Accueil\",\"item\":\"https:\/\/kantonad.fr\/\"},{\"@type\":\"ListItem\",\"position\":2,\"name\":\"Addictions\"}]},{\"@type\":\"WebSite\",\"@id\":\"https:\/\/kantonad.fr\/#website\",\"url\":\"https:\/\/kantonad.fr\/\",\"name\":\"Nadia Kantorowicz\",\"description\":\"\",\"potentialAction\":[{\"@type\":\"SearchAction\",\"target\":{\"@type\":\"EntryPoint\",\"urlTemplate\":\"https:\/\/kantonad.fr\/?s={search_term_string}\"},\"query-input\":{\"@type\":\"PropertyValueSpecification\",\"valueRequired\":true,\"valueName\":\"search_term_string\"}}],\"inLanguage\":\"fr-FR\"}]}<\/script>\n<!-- \/ Yoast SEO plugin. -->","yoast_head_json":{"title":"Addictions - Nadia Kantorowicz","description":"Nadia KANTOROWICZ th\u00e9rapeute addictologue \u00e0 Lyon toutes addictions produits licites et illicites, comportementales .possibilit\u00e9 de paiement.","robots":{"index":"index","follow":"follow","max-snippet":"max-snippet:-1","max-image-preview":"max-image-preview:large","max-video-preview":"max-video-preview:-1"},"canonical":"https:\/\/kantonad.fr\/index.php\/addictions\/","og_locale":"fr_FR","og_type":"article","og_title":"Addictions - Nadia Kantorowicz","og_description":"Nadia KANTOROWICZ th\u00e9rapeute addictologue \u00e0 Lyon toutes addictions produits licites et illicites, comportementales .possibilit\u00e9 de paiement.","og_url":"https:\/\/kantonad.fr\/index.php\/addictions\/","og_site_name":"Nadia Kantorowicz","article_modified_time":"2026-01-27T21:14:12+00:00","og_image":[{"url":"http:\/\/kantonad.fr\/wp-content\/uploads\/2025\/11\/labyrinthe-300x279.webp","type":"","width":"","height":""}],"twitter_card":"summary_large_image","twitter_misc":{"Dur\u00e9e de lecture estim\u00e9e":"2 minutes"},"schema":{"@context":"https:\/\/schema.org","@graph":[{"@type":"WebPage","@id":"https:\/\/kantonad.fr\/index.php\/addictions\/","url":"https:\/\/kantonad.fr\/index.php\/addictions\/","name":"Addictions - Nadia Kantorowicz","isPartOf":{"@id":"https:\/\/kantonad.fr\/#website"},"primaryImageOfPage":{"@id":"https:\/\/kantonad.fr\/index.php\/addictions\/#primaryimage"},"image":{"@id":"https:\/\/kantonad.fr\/index.php\/addictions\/#primaryimage"},"thumbnailUrl":"http:\/\/kantonad.fr\/wp-content\/uploads\/2025\/11\/labyrinthe-300x279.webp","datePublished":"2025-11-01T09:25:08+00:00","dateModified":"2026-01-27T21:14:12+00:00","description":"Nadia KANTOROWICZ th\u00e9rapeute addictologue \u00e0 Lyon toutes addictions produits licites et illicites, comportementales .possibilit\u00e9 de paiement.","breadcrumb":{"@id":"https:\/\/kantonad.fr\/index.php\/addictions\/#breadcrumb"},"inLanguage":"fr-FR","potentialAction":[{"@type":"ReadAction","target":["https:\/\/kantonad.fr\/index.php\/addictions\/"]}]},{"@type":"ImageObject","inLanguage":"fr-FR","@id":"https:\/\/kantonad.fr\/index.php\/addictions\/#primaryimage","url":"https:\/\/kantonad.fr\/wp-content\/uploads\/2025\/11\/labyrinthe.webp","contentUrl":"https:\/\/kantonad.fr\/wp-content\/uploads\/2025\/11\/labyrinthe.webp","width":512,"height":477,"caption":"comment sortir d'une addiction"},{"@type":"BreadcrumbList","@id":"https:\/\/kantonad.fr\/index.php\/addictions\/#breadcrumb","itemListElement":[{"@type":"ListItem","position":1,"name":"Accueil","item":"https:\/\/kantonad.fr\/"},{"@type":"ListItem","position":2,"name":"Addictions"}]},{"@type":"WebSite","@id":"https:\/\/kantonad.fr\/#website","url":"https:\/\/kantonad.fr\/","name":"Nadia Kantorowicz","description":"","potentialAction":[{"@type":"SearchAction","target":{"@type":"EntryPoint","urlTemplate":"https:\/\/kantonad.fr\/?s={search_term_string}"},"query-input":{"@type":"PropertyValueSpecification","valueRequired":true,"valueName":"search_term_string"}}],"inLanguage":"fr-FR"}]}},"_links":{"self":[{"href":"https:\/\/kantonad.fr\/index.php\/wp-json\/wp\/v2\/pages\/17","targetHints":{"allow":["GET"]}}],"collection":[{"href":"https:\/\/kantonad.fr\/index.php\/wp-json\/wp\/v2\/pages"}],"about":[{"href":"https:\/\/kantonad.fr\/index.php\/wp-json\/wp\/v2\/types\/page"}],"author":[{"embeddable":true,"href":"https:\/\/kantonad.fr\/index.php\/wp-json\/wp\/v2\/users\/1"}],"replies":[{"embeddable":true,"href":"https:\/\/kantonad.fr\/index.php\/wp-json\/wp\/v2\/comments?post=17"}],"version-history":[{"count":112,"href":"https:\/\/kantonad.fr\/index.php\/wp-json\/wp\/v2\/pages\/17\/revisions"}],"predecessor-version":[{"id":715,"href":"https:\/\/kantonad.fr\/index.php\/wp-json\/wp\/v2\/pages\/17\/revisions\/715"}],"wp:attachment":[{"href":"https:\/\/kantonad.fr\/index.php\/wp-json\/wp\/v2\/media?parent=17"}],"curies":[{"name":"wp","href":"https:\/\/api.w.org\/{rel}","templated":true}]}}