{"id":19,"date":"2025-11-01T09:26:38","date_gmt":"2025-11-01T09:26:38","guid":{"rendered":"https:\/\/kantonad.fr\/?page_id=19"},"modified":"2026-01-27T21:16:41","modified_gmt":"2026-01-27T21:16:41","slug":"psychogenealogie","status":"publish","type":"page","link":"https:\/\/kantonad.fr\/index.php\/psychogenealogie\/","title":{"rendered":"Psychog\u00e9n\u00e9alogie"},"content":{"rendered":"\t\t<div data-elementor-type=\"wp-page\" data-elementor-id=\"19\" class=\"elementor elementor-19\">\n\t\t\t\t<div class=\"elementor-element elementor-element-0feb629 e-flex e-con-boxed e-con e-parent\" data-id=\"0feb629\" data-element_type=\"container\">\n\t\t\t\t\t<div class=\"e-con-inner\">\n\t\t<div class=\"elementor-element elementor-element-a9d8eb0 e-con-full e-flex e-con e-child\" data-id=\"a9d8eb0\" data-element_type=\"container\">\n\t\t\t\t<div class=\"elementor-element elementor-element-b4637a6 elementor-widget elementor-widget-image\" data-id=\"b4637a6\" data-element_type=\"widget\" data-widget_type=\"image.default\">\n\t\t\t\t\t\t\t\t\t\t\t\t\t\t\t<img fetchpriority=\"high\" decoding=\"async\" width=\"300\" height=\"295\" src=\"https:\/\/kantonad.fr\/wp-content\/uploads\/2025\/11\/1acc9b84-5f98-47e6-ba4b-6fa1c20a744e.png\" class=\"attachment-large size-large wp-image-127\" alt=\"\" \/>\t\t\t\t\t\t\t\t\t\t\t\t\t\t\t<\/div>\n\t\t\t\t<\/div>\n\t\t<div class=\"elementor-element elementor-element-c29c0f0 e-con-full e-flex e-con e-child\" data-id=\"c29c0f0\" data-element_type=\"container\">\n\t\t\t\t<div class=\"elementor-element elementor-element-97bb152 elementor-widget elementor-widget-text-editor\" data-id=\"97bb152\" data-element_type=\"widget\" data-widget_type=\"text-editor.default\">\n\t\t\t\t\t\t\t\t\t<p>La psychog\u00e9n\u00e9alogie utilise l\u2019arbre g\u00e9n\u00e9alogique comme un vrai outil de d\u00e9couverte de soi. En explorant son histoire familiale \u2014 les secrets, les non-dits, les sch\u00e9mas qui se r\u00e9p\u00e8tent \u2014 on se rend compte \u00e0 quel point certaines loyaut\u00e9s invisibles influencent encore nos choix, nos r\u00e9actions, nos blocages.&nbsp;<\/p><p>On offre \u00e0 chacun la possibilit\u00e9 de <b>clore les blessures du pass\u00e9,<\/b>de <b>mettre fin aux sch\u00e9mas inconscients<\/b> et de <b>s&rsquo;affranchir des dynamiques familiales invisibles.<\/b><\/p>\n<p>C&rsquo;est un travail doux mais puissant : on relie les morceaux, on comprend ses propres \u00e9lans. On peut alors choisir sa vie avec beauccoup plus de libert\u00e9.<\/p>\n<p data-start=\"980\" data-end=\"1386\">Ce travail d\u2019exploration permet de reconnecter avec ses racines \u2014 non pour s\u2019y enfermer, mais pour en faire le point de d\u00e9part d\u2019un <strong data-start=\"1112\" data-end=\"1132\">chemin conscient<\/strong>. Mieux conna\u00eetre son histoire, c\u2019est mieux comprendre ses choix, ses aspirations, et ce que l\u2019on souhaite transmettre.&nbsp;<\/p><p data-start=\"980\" data-end=\"1386\">Ainsi, la psychog\u00e9n\u00e9alogie devient un <strong data-start=\"1290\" data-end=\"1307\">fil directeur<\/strong>, un rep\u00e8re pour b\u00e2tir une identit\u00e9 authentique, en conscience et en libert\u00e9.<\/p>\t\t\t\t\t\t\t\t<\/div>\n\t\t\t\t<\/div>\n\t\t\t\t\t<\/div>\n\t\t\t\t<\/div>\n\t\t<div class=\"elementor-element elementor-element-3c1075c e-flex e-con-boxed e-con e-parent\" data-id=\"3c1075c\" data-element_type=\"container\">\n\t\t\t\t\t<div class=\"e-con-inner\">\n\t\t\t\t<div class=\"elementor-element elementor-element-d49d2e7 elementor-widget elementor-widget-button\" data-id=\"d49d2e7\" data-element_type=\"widget\" data-widget_type=\"button.default\">\n\t\t\t\t\t\t\t\t\t\t<a class=\"elementor-button elementor-button-link elementor-size-sm\" href=\"https:\/\/kantonad.fr\/index.php\/contact\/\" target=\"_blank\">\n\t\t\t\t\t\t<span class=\"elementor-button-content-wrapper\">\n\t\t\t\t\t\t\t\t\t<span class=\"elementor-button-text\">Prendre un rendez-vous<\/span>\n\t\t\t\t\t<\/span>\n\t\t\t\t\t<\/a>\n\t\t\t\t\t\t\t\t<\/div>\n\t\t\t\t\t<\/div>\n\t\t\t\t<\/div>\n\t\t\t\t<\/div>\n\t\t","protected":false},"excerpt":{"rendered":"<p>La psychog\u00e9n\u00e9alogie utilise l\u2019arbre g\u00e9n\u00e9alogique comme un vrai outil de d\u00e9couverte de soi. En explorant son histoire familiale \u2014 les secrets, les non-dits, les sch\u00e9mas qui se r\u00e9p\u00e8tent \u2014 on se rend compte \u00e0 quel point certaines loyaut\u00e9s invisibles influencent encore nos choix, nos r\u00e9actions, nos blocages.&nbsp; On offre \u00e0 chacun la possibilit\u00e9 de clore [&hellip;]<\/p>\n","protected":false},"author":1,"featured_media":0,"parent":0,"menu_order":0,"comment_status":"closed","ping_status":"closed","template":"","meta":{"footnotes":""},"class_list":["post-19","page","type-page","status-publish","hentry"],"yoast_head":"<!-- This site is optimized with the Yoast SEO plugin v26.6 - https:\/\/yoast.com\/wordpress\/plugins\/seo\/ -->\n<title>Psychog\u00e9n\u00e9alogie - Nadia Kantorowicz<\/title>\n<meta name=\"description\" content=\"Nadia KANTOROWICZ, th\u00e9rapeutique en psychog\u00e9n\u00e9alogie . L&#039;arbre g\u00e9n\u00e9alogique comme outil th\u00e9rapeutique. Conna\u00eetre son histoire famillilaile .\" \/>\n<meta name=\"robots\" content=\"index, follow, max-snippet:-1, max-image-preview:large, max-video-preview:-1\" \/>\n<link rel=\"canonical\" href=\"https:\/\/kantonad.fr\/index.php\/psychogenealogie\/\" \/>\n<meta property=\"og:locale\" content=\"fr_FR\" \/>\n<meta property=\"og:type\" content=\"article\" \/>\n<meta property=\"og:title\" content=\"Psychog\u00e9n\u00e9alogie - Nadia Kantorowicz\" \/>\n<meta property=\"og:description\" content=\"Nadia KANTOROWICZ, th\u00e9rapeutique en psychog\u00e9n\u00e9alogie . L&#039;arbre g\u00e9n\u00e9alogique comme outil th\u00e9rapeutique. Conna\u00eetre son histoire famillilaile .\" \/>\n<meta property=\"og:url\" content=\"https:\/\/kantonad.fr\/index.php\/psychogenealogie\/\" \/>\n<meta property=\"og:site_name\" content=\"Nadia Kantorowicz\" \/>\n<meta property=\"article:modified_time\" content=\"2026-01-27T21:16:41+00:00\" \/>\n<meta property=\"og:image\" content=\"http:\/\/kantonad.fr\/wp-content\/uploads\/2025\/11\/1acc9b84-5f98-47e6-ba4b-6fa1c20a744e.png\" \/>\n<meta name=\"twitter:card\" content=\"summary_large_image\" \/>\n<meta name=\"twitter:label1\" content=\"Dur\u00e9e de lecture estim\u00e9e\" \/>\n\t<meta name=\"twitter:data1\" content=\"1 minute\" \/>\n<script type=\"application\/ld+json\" class=\"yoast-schema-graph\">{\"@context\":\"https:\/\/schema.org\",\"@graph\":[{\"@type\":\"WebPage\",\"@id\":\"https:\/\/kantonad.fr\/index.php\/psychogenealogie\/\",\"url\":\"https:\/\/kantonad.fr\/index.php\/psychogenealogie\/\",\"name\":\"Psychog\u00e9n\u00e9alogie - Nadia Kantorowicz\",\"isPartOf\":{\"@id\":\"https:\/\/kantonad.fr\/#website\"},\"primaryImageOfPage\":{\"@id\":\"https:\/\/kantonad.fr\/index.php\/psychogenealogie\/#primaryimage\"},\"image\":{\"@id\":\"https:\/\/kantonad.fr\/index.php\/psychogenealogie\/#primaryimage\"},\"thumbnailUrl\":\"http:\/\/kantonad.fr\/wp-content\/uploads\/2025\/11\/1acc9b84-5f98-47e6-ba4b-6fa1c20a744e.png\",\"datePublished\":\"2025-11-01T09:26:38+00:00\",\"dateModified\":\"2026-01-27T21:16:41+00:00\",\"description\":\"Nadia KANTOROWICZ, th\u00e9rapeutique en psychog\u00e9n\u00e9alogie . L'arbre g\u00e9n\u00e9alogique comme outil th\u00e9rapeutique. Conna\u00eetre son histoire famillilaile .\",\"breadcrumb\":{\"@id\":\"https:\/\/kantonad.fr\/index.php\/psychogenealogie\/#breadcrumb\"},\"inLanguage\":\"fr-FR\",\"potentialAction\":[{\"@type\":\"ReadAction\",\"target\":[\"https:\/\/kantonad.fr\/index.php\/psychogenealogie\/\"]}]},{\"@type\":\"ImageObject\",\"inLanguage\":\"fr-FR\",\"@id\":\"https:\/\/kantonad.fr\/index.php\/psychogenealogie\/#primaryimage\",\"url\":\"https:\/\/kantonad.fr\/wp-content\/uploads\/2025\/11\/1acc9b84-5f98-47e6-ba4b-6fa1c20a744e.png\",\"contentUrl\":\"https:\/\/kantonad.fr\/wp-content\/uploads\/2025\/11\/1acc9b84-5f98-47e6-ba4b-6fa1c20a744e.png\",\"width\":300,\"height\":295},{\"@type\":\"BreadcrumbList\",\"@id\":\"https:\/\/kantonad.fr\/index.php\/psychogenealogie\/#breadcrumb\",\"itemListElement\":[{\"@type\":\"ListItem\",\"position\":1,\"name\":\"Accueil\",\"item\":\"https:\/\/kantonad.fr\/\"},{\"@type\":\"ListItem\",\"position\":2,\"name\":\"Psychog\u00e9n\u00e9alogie\"}]},{\"@type\":\"WebSite\",\"@id\":\"https:\/\/kantonad.fr\/#website\",\"url\":\"https:\/\/kantonad.fr\/\",\"name\":\"Nadia Kantorowicz\",\"description\":\"\",\"potentialAction\":[{\"@type\":\"SearchAction\",\"target\":{\"@type\":\"EntryPoint\",\"urlTemplate\":\"https:\/\/kantonad.fr\/?s={search_term_string}\"},\"query-input\":{\"@type\":\"PropertyValueSpecification\",\"valueRequired\":true,\"valueName\":\"search_term_string\"}}],\"inLanguage\":\"fr-FR\"}]}<\/script>\n<!-- \/ Yoast SEO plugin. -->","yoast_head_json":{"title":"Psychog\u00e9n\u00e9alogie - Nadia Kantorowicz","description":"Nadia KANTOROWICZ, th\u00e9rapeutique en psychog\u00e9n\u00e9alogie . L'arbre g\u00e9n\u00e9alogique comme outil th\u00e9rapeutique. Conna\u00eetre son histoire famillilaile .","robots":{"index":"index","follow":"follow","max-snippet":"max-snippet:-1","max-image-preview":"max-image-preview:large","max-video-preview":"max-video-preview:-1"},"canonical":"https:\/\/kantonad.fr\/index.php\/psychogenealogie\/","og_locale":"fr_FR","og_type":"article","og_title":"Psychog\u00e9n\u00e9alogie - Nadia Kantorowicz","og_description":"Nadia KANTOROWICZ, th\u00e9rapeutique en psychog\u00e9n\u00e9alogie . L'arbre g\u00e9n\u00e9alogique comme outil th\u00e9rapeutique. Conna\u00eetre son histoire famillilaile .","og_url":"https:\/\/kantonad.fr\/index.php\/psychogenealogie\/","og_site_name":"Nadia Kantorowicz","article_modified_time":"2026-01-27T21:16:41+00:00","og_image":[{"url":"http:\/\/kantonad.fr\/wp-content\/uploads\/2025\/11\/1acc9b84-5f98-47e6-ba4b-6fa1c20a744e.png","type":"","width":"","height":""}],"twitter_card":"summary_large_image","twitter_misc":{"Dur\u00e9e de lecture estim\u00e9e":"1 minute"},"schema":{"@context":"https:\/\/schema.org","@graph":[{"@type":"WebPage","@id":"https:\/\/kantonad.fr\/index.php\/psychogenealogie\/","url":"https:\/\/kantonad.fr\/index.php\/psychogenealogie\/","name":"Psychog\u00e9n\u00e9alogie - Nadia Kantorowicz","isPartOf":{"@id":"https:\/\/kantonad.fr\/#website"},"primaryImageOfPage":{"@id":"https:\/\/kantonad.fr\/index.php\/psychogenealogie\/#primaryimage"},"image":{"@id":"https:\/\/kantonad.fr\/index.php\/psychogenealogie\/#primaryimage"},"thumbnailUrl":"http:\/\/kantonad.fr\/wp-content\/uploads\/2025\/11\/1acc9b84-5f98-47e6-ba4b-6fa1c20a744e.png","datePublished":"2025-11-01T09:26:38+00:00","dateModified":"2026-01-27T21:16:41+00:00","description":"Nadia KANTOROWICZ, th\u00e9rapeutique en psychog\u00e9n\u00e9alogie . L'arbre g\u00e9n\u00e9alogique comme outil th\u00e9rapeutique. Conna\u00eetre son histoire famillilaile .","breadcrumb":{"@id":"https:\/\/kantonad.fr\/index.php\/psychogenealogie\/#breadcrumb"},"inLanguage":"fr-FR","potentialAction":[{"@type":"ReadAction","target":["https:\/\/kantonad.fr\/index.php\/psychogenealogie\/"]}]},{"@type":"ImageObject","inLanguage":"fr-FR","@id":"https:\/\/kantonad.fr\/index.php\/psychogenealogie\/#primaryimage","url":"https:\/\/kantonad.fr\/wp-content\/uploads\/2025\/11\/1acc9b84-5f98-47e6-ba4b-6fa1c20a744e.png","contentUrl":"https:\/\/kantonad.fr\/wp-content\/uploads\/2025\/11\/1acc9b84-5f98-47e6-ba4b-6fa1c20a744e.png","width":300,"height":295},{"@type":"BreadcrumbList","@id":"https:\/\/kantonad.fr\/index.php\/psychogenealogie\/#breadcrumb","itemListElement":[{"@type":"ListItem","position":1,"name":"Accueil","item":"https:\/\/kantonad.fr\/"},{"@type":"ListItem","position":2,"name":"Psychog\u00e9n\u00e9alogie"}]},{"@type":"WebSite","@id":"https:\/\/kantonad.fr\/#website","url":"https:\/\/kantonad.fr\/","name":"Nadia Kantorowicz","description":"","potentialAction":[{"@type":"SearchAction","target":{"@type":"EntryPoint","urlTemplate":"https:\/\/kantonad.fr\/?s={search_term_string}"},"query-input":{"@type":"PropertyValueSpecification","valueRequired":true,"valueName":"search_term_string"}}],"inLanguage":"fr-FR"}]}},"_links":{"self":[{"href":"https:\/\/kantonad.fr\/index.php\/wp-json\/wp\/v2\/pages\/19","targetHints":{"allow":["GET"]}}],"collection":[{"href":"https:\/\/kantonad.fr\/index.php\/wp-json\/wp\/v2\/pages"}],"about":[{"href":"https:\/\/kantonad.fr\/index.php\/wp-json\/wp\/v2\/types\/page"}],"author":[{"embeddable":true,"href":"https:\/\/kantonad.fr\/index.php\/wp-json\/wp\/v2\/users\/1"}],"replies":[{"embeddable":true,"href":"https:\/\/kantonad.fr\/index.php\/wp-json\/wp\/v2\/comments?post=19"}],"version-history":[{"count":43,"href":"https:\/\/kantonad.fr\/index.php\/wp-json\/wp\/v2\/pages\/19\/revisions"}],"predecessor-version":[{"id":721,"href":"https:\/\/kantonad.fr\/index.php\/wp-json\/wp\/v2\/pages\/19\/revisions\/721"}],"wp:attachment":[{"href":"https:\/\/kantonad.fr\/index.php\/wp-json\/wp\/v2\/media?parent=19"}],"curies":[{"name":"wp","href":"https:\/\/api.w.org\/{rel}","templated":true}]}}