{"id":27,"date":"2025-11-01T09:38:00","date_gmt":"2025-11-01T09:38:00","guid":{"rendered":"https:\/\/kantonad.fr\/?page_id=27"},"modified":"2026-01-27T21:17:44","modified_gmt":"2026-01-27T21:17:44","slug":"terv-therapie-par-exposition-virtuelle","status":"publish","type":"page","link":"https:\/\/kantonad.fr\/index.php\/terv-therapie-par-exposition-virtuelle\/","title":{"rendered":"TERV : Th\u00e9rapie par Exposition R\u00e9alit\u00e9 Virtuelle"},"content":{"rendered":"\t\t<div data-elementor-type=\"wp-page\" data-elementor-id=\"27\" class=\"elementor elementor-27\">\n\t\t\t\t<div class=\"elementor-element elementor-element-2218918 e-flex e-con-boxed e-con e-parent\" data-id=\"2218918\" data-element_type=\"container\">\n\t\t\t\t\t<div class=\"e-con-inner\">\n\t\t<div class=\"elementor-element elementor-element-c690b47 e-con-full e-flex e-con e-child\" data-id=\"c690b47\" data-element_type=\"container\">\n\t\t\t\t<div class=\"elementor-element elementor-element-5ddea53 elementor-widget elementor-widget-image\" data-id=\"5ddea53\" data-element_type=\"widget\" data-widget_type=\"image.default\">\n\t\t\t\t\t\t\t\t\t\t\t\t\t\t\t<img fetchpriority=\"high\" decoding=\"async\" width=\"367\" height=\"137\" src=\"https:\/\/kantonad.fr\/wp-content\/uploads\/2025\/12\/image-terv.jpeg\" class=\"attachment-large size-large wp-image-372\" alt=\"\" srcset=\"https:\/\/kantonad.fr\/wp-content\/uploads\/2025\/12\/image-terv.jpeg 367w, https:\/\/kantonad.fr\/wp-content\/uploads\/2025\/12\/image-terv-300x112.jpeg 300w\" sizes=\"(max-width: 367px) 100vw, 367px\" \/>\t\t\t\t\t\t\t\t\t\t\t\t\t\t\t<\/div>\n\t\t\t\t<div class=\"elementor-element elementor-element-567df91 elementor-widget elementor-widget-heading\" data-id=\"567df91\" data-element_type=\"widget\" data-widget_type=\"heading.default\">\n\t\t\t\t\t<h2 class=\"elementor-heading-title elementor-size-default\">Surmontez vos peurs et vos angoisses gr\u00e2ce \u00e0 la r\u00e9alit\u00e9 virtuelle : une approche innovante et immersive pour un chemin vers le bien-\u00eatre.\"<\/h2>\t\t\t\t<\/div>\n\t\t\t\t<div class=\"elementor-element elementor-element-96e3caf elementor-widget elementor-widget-text-editor\" data-id=\"96e3caf\" data-element_type=\"widget\" data-widget_type=\"text-editor.default\">\n\t\t\t\t\t\t\t\t\t<p data-start=\"359\" data-end=\"981\">La <strong data-start=\"362\" data-end=\"410\">th\u00e9rapie d\u2019exposition \u00e0 la r\u00e9alit\u00e9 virtuelle<\/strong>, telle que propos\u00e9e par <strong data-start=\"435\" data-end=\"445\">C2Care<\/strong>, r\u00e9volutionne le traitement des troubles anxieux.\u00a0<\/p><p data-start=\"359\" data-end=\"981\">En immergeant les patients dans des sc\u00e9narios r\u00e9alistes et contr\u00f4l\u00e9s, cette m\u00e9thode permet de les confronter progressivement \u00e0 leurs peurs dans un environnement s\u00e9curis\u00e9. Que ce soit pour traiter des phobies, des addictions,\u00a0 ou des troubles anxieux g\u00e9n\u00e9ralis\u00e9s, C2Care offre une exp\u00e9rience personnalis\u00e9e qui aide \u00e0 r\u00e9duire les sympt\u00f4mes et \u00e0 restaurer la confiance en soi.\u00a0<\/p><p data-start=\"359\" data-end=\"981\">Une solution moderne qui allie <strong data-start=\"911\" data-end=\"952\">efficacit\u00e9 th\u00e9rapeutique et immersion<\/strong> pour adultes et adolescents.<\/p>\t\t\t\t\t\t\t\t<\/div>\n\t\t\t\t<div class=\"elementor-element elementor-element-84e271b elementor-widget elementor-widget-spacer\" data-id=\"84e271b\" data-element_type=\"widget\" data-widget_type=\"spacer.default\">\n\t\t\t\t\t\t\t<div class=\"elementor-spacer\">\n\t\t\t<div class=\"elementor-spacer-inner\"><\/div>\n\t\t<\/div>\n\t\t\t\t\t\t<\/div>\n\t\t\t\t<\/div>\n\t\t\t\t\t<\/div>\n\t\t\t\t<\/div>\n\t\t<div class=\"elementor-element elementor-element-6c0859c e-flex e-con-boxed e-con e-parent\" data-id=\"6c0859c\" data-element_type=\"container\">\n\t\t\t\t\t<div class=\"e-con-inner\">\n\t\t<div class=\"elementor-element elementor-element-ec944fe e-con-full e-flex e-con e-child\" data-id=\"ec944fe\" data-element_type=\"container\">\n\t\t\t\t<div class=\"elementor-element elementor-element-d7d9a0f elementor-widget elementor-widget-button\" data-id=\"d7d9a0f\" data-element_type=\"widget\" data-widget_type=\"button.default\">\n\t\t\t\t\t\t\t\t\t\t<a class=\"elementor-button elementor-button-link elementor-size-sm\" href=\"https:\/\/kantonad.fr\/index.php\/contact\/\" target=\"_blank\">\n\t\t\t\t\t\t<span class=\"elementor-button-content-wrapper\">\n\t\t\t\t\t\t\t\t\t<span class=\"elementor-button-text\">Prendre un rendez-vous<\/span>\n\t\t\t\t\t<\/span>\n\t\t\t\t\t<\/a>\n\t\t\t\t\t\t\t\t<\/div>\n\t\t\t\t<\/div>\n\t\t\t\t\t<\/div>\n\t\t\t\t<\/div>\n\t\t\t\t<\/div>\n\t\t","protected":false},"excerpt":{"rendered":"<p>Surmontez vos peurs et vos angoisses gr\u00e2ce \u00e0 la r\u00e9alit\u00e9 virtuelle : une approche innovante et immersive pour un chemin vers le bien-\u00eatre.\u00a0\u00bb La th\u00e9rapie d\u2019exposition \u00e0 la r\u00e9alit\u00e9 virtuelle, telle que propos\u00e9e par C2Care, r\u00e9volutionne le traitement des troubles anxieux.\u00a0 En immergeant les patients dans des sc\u00e9narios r\u00e9alistes et contr\u00f4l\u00e9s, cette m\u00e9thode permet de [&hellip;]<\/p>\n","protected":false},"author":1,"featured_media":0,"parent":0,"menu_order":0,"comment_status":"closed","ping_status":"closed","template":"","meta":{"footnotes":""},"class_list":["post-27","page","type-page","status-publish","hentry"],"yoast_head":"<!-- This site is optimized with the Yoast SEO plugin v26.6 - https:\/\/yoast.com\/wordpress\/plugins\/seo\/ -->\n<title>TERV : Th\u00e9rapie par Exposition R\u00e9alit\u00e9 Virtuelle - Nadia Kantorowicz<\/title>\n<meta name=\"description\" content=\"Nadia KANTOROWICZ th\u00e9rapie par exposition virtuelle (TERV) . Outil d&#039;aide our accompagner les addictions, phobies stress etc.\" \/>\n<meta name=\"robots\" content=\"index, follow, max-snippet:-1, max-image-preview:large, max-video-preview:-1\" \/>\n<link rel=\"canonical\" href=\"http:\/\/kantonad.fr\/index.php\/terv-therapie-par-exposition-virtuelle\/\" \/>\n<meta property=\"og:locale\" content=\"fr_FR\" \/>\n<meta property=\"og:type\" content=\"article\" \/>\n<meta property=\"og:title\" content=\"TERV : Th\u00e9rapie par Exposition R\u00e9alit\u00e9 Virtuelle - Nadia Kantorowicz\" \/>\n<meta property=\"og:description\" content=\"Nadia KANTOROWICZ th\u00e9rapie par exposition virtuelle (TERV) . Outil d&#039;aide our accompagner les addictions, phobies stress etc.\" \/>\n<meta property=\"og:url\" content=\"http:\/\/kantonad.fr\/index.php\/terv-therapie-par-exposition-virtuelle\/\" \/>\n<meta property=\"og:site_name\" content=\"Nadia Kantorowicz\" \/>\n<meta property=\"article:modified_time\" content=\"2026-01-27T21:17:44+00:00\" \/>\n<meta property=\"og:image\" content=\"http:\/\/kantonad.fr\/wp-content\/uploads\/2025\/12\/image-terv.jpeg\" \/>\n<meta name=\"twitter:card\" content=\"summary_large_image\" \/>\n<meta name=\"twitter:label1\" content=\"Dur\u00e9e de lecture estim\u00e9e\" \/>\n\t<meta name=\"twitter:data1\" content=\"1 minute\" \/>\n<script type=\"application\/ld+json\" class=\"yoast-schema-graph\">{\"@context\":\"https:\/\/schema.org\",\"@graph\":[{\"@type\":\"WebPage\",\"@id\":\"http:\/\/kantonad.fr\/index.php\/terv-therapie-par-exposition-virtuelle\/\",\"url\":\"http:\/\/kantonad.fr\/index.php\/terv-therapie-par-exposition-virtuelle\/\",\"name\":\"TERV : Th\u00e9rapie par Exposition R\u00e9alit\u00e9 Virtuelle - Nadia Kantorowicz\",\"isPartOf\":{\"@id\":\"https:\/\/kantonad.fr\/#website\"},\"primaryImageOfPage\":{\"@id\":\"http:\/\/kantonad.fr\/index.php\/terv-therapie-par-exposition-virtuelle\/#primaryimage\"},\"image\":{\"@id\":\"http:\/\/kantonad.fr\/index.php\/terv-therapie-par-exposition-virtuelle\/#primaryimage\"},\"thumbnailUrl\":\"http:\/\/kantonad.fr\/wp-content\/uploads\/2025\/12\/image-terv.jpeg\",\"datePublished\":\"2025-11-01T09:38:00+00:00\",\"dateModified\":\"2026-01-27T21:17:44+00:00\",\"description\":\"Nadia KANTOROWICZ th\u00e9rapie par exposition virtuelle (TERV) . Outil d'aide our accompagner les addictions, phobies stress etc.\",\"breadcrumb\":{\"@id\":\"http:\/\/kantonad.fr\/index.php\/terv-therapie-par-exposition-virtuelle\/#breadcrumb\"},\"inLanguage\":\"fr-FR\",\"potentialAction\":[{\"@type\":\"ReadAction\",\"target\":[\"http:\/\/kantonad.fr\/index.php\/terv-therapie-par-exposition-virtuelle\/\"]}]},{\"@type\":\"ImageObject\",\"inLanguage\":\"fr-FR\",\"@id\":\"http:\/\/kantonad.fr\/index.php\/terv-therapie-par-exposition-virtuelle\/#primaryimage\",\"url\":\"https:\/\/kantonad.fr\/wp-content\/uploads\/2025\/12\/image-terv.jpeg\",\"contentUrl\":\"https:\/\/kantonad.fr\/wp-content\/uploads\/2025\/12\/image-terv.jpeg\",\"width\":367,\"height\":137},{\"@type\":\"BreadcrumbList\",\"@id\":\"http:\/\/kantonad.fr\/index.php\/terv-therapie-par-exposition-virtuelle\/#breadcrumb\",\"itemListElement\":[{\"@type\":\"ListItem\",\"position\":1,\"name\":\"Accueil\",\"item\":\"https:\/\/kantonad.fr\/\"},{\"@type\":\"ListItem\",\"position\":2,\"name\":\"TERV : Th\u00e9rapie par Exposition R\u00e9alit\u00e9 Virtuelle\"}]},{\"@type\":\"WebSite\",\"@id\":\"https:\/\/kantonad.fr\/#website\",\"url\":\"https:\/\/kantonad.fr\/\",\"name\":\"Nadia Kantorowicz\",\"description\":\"\",\"potentialAction\":[{\"@type\":\"SearchAction\",\"target\":{\"@type\":\"EntryPoint\",\"urlTemplate\":\"https:\/\/kantonad.fr\/?s={search_term_string}\"},\"query-input\":{\"@type\":\"PropertyValueSpecification\",\"valueRequired\":true,\"valueName\":\"search_term_string\"}}],\"inLanguage\":\"fr-FR\"}]}<\/script>\n<!-- \/ Yoast SEO plugin. -->","yoast_head_json":{"title":"TERV : Th\u00e9rapie par Exposition R\u00e9alit\u00e9 Virtuelle - Nadia Kantorowicz","description":"Nadia KANTOROWICZ th\u00e9rapie par exposition virtuelle (TERV) . Outil d'aide our accompagner les addictions, phobies stress etc.","robots":{"index":"index","follow":"follow","max-snippet":"max-snippet:-1","max-image-preview":"max-image-preview:large","max-video-preview":"max-video-preview:-1"},"canonical":"http:\/\/kantonad.fr\/index.php\/terv-therapie-par-exposition-virtuelle\/","og_locale":"fr_FR","og_type":"article","og_title":"TERV : Th\u00e9rapie par Exposition R\u00e9alit\u00e9 Virtuelle - Nadia Kantorowicz","og_description":"Nadia KANTOROWICZ th\u00e9rapie par exposition virtuelle (TERV) . Outil d'aide our accompagner les addictions, phobies stress etc.","og_url":"http:\/\/kantonad.fr\/index.php\/terv-therapie-par-exposition-virtuelle\/","og_site_name":"Nadia Kantorowicz","article_modified_time":"2026-01-27T21:17:44+00:00","og_image":[{"url":"http:\/\/kantonad.fr\/wp-content\/uploads\/2025\/12\/image-terv.jpeg","type":"","width":"","height":""}],"twitter_card":"summary_large_image","twitter_misc":{"Dur\u00e9e de lecture estim\u00e9e":"1 minute"},"schema":{"@context":"https:\/\/schema.org","@graph":[{"@type":"WebPage","@id":"http:\/\/kantonad.fr\/index.php\/terv-therapie-par-exposition-virtuelle\/","url":"http:\/\/kantonad.fr\/index.php\/terv-therapie-par-exposition-virtuelle\/","name":"TERV : Th\u00e9rapie par Exposition R\u00e9alit\u00e9 Virtuelle - Nadia Kantorowicz","isPartOf":{"@id":"https:\/\/kantonad.fr\/#website"},"primaryImageOfPage":{"@id":"http:\/\/kantonad.fr\/index.php\/terv-therapie-par-exposition-virtuelle\/#primaryimage"},"image":{"@id":"http:\/\/kantonad.fr\/index.php\/terv-therapie-par-exposition-virtuelle\/#primaryimage"},"thumbnailUrl":"http:\/\/kantonad.fr\/wp-content\/uploads\/2025\/12\/image-terv.jpeg","datePublished":"2025-11-01T09:38:00+00:00","dateModified":"2026-01-27T21:17:44+00:00","description":"Nadia KANTOROWICZ th\u00e9rapie par exposition virtuelle (TERV) . Outil d'aide our accompagner les addictions, phobies stress etc.","breadcrumb":{"@id":"http:\/\/kantonad.fr\/index.php\/terv-therapie-par-exposition-virtuelle\/#breadcrumb"},"inLanguage":"fr-FR","potentialAction":[{"@type":"ReadAction","target":["http:\/\/kantonad.fr\/index.php\/terv-therapie-par-exposition-virtuelle\/"]}]},{"@type":"ImageObject","inLanguage":"fr-FR","@id":"http:\/\/kantonad.fr\/index.php\/terv-therapie-par-exposition-virtuelle\/#primaryimage","url":"https:\/\/kantonad.fr\/wp-content\/uploads\/2025\/12\/image-terv.jpeg","contentUrl":"https:\/\/kantonad.fr\/wp-content\/uploads\/2025\/12\/image-terv.jpeg","width":367,"height":137},{"@type":"BreadcrumbList","@id":"http:\/\/kantonad.fr\/index.php\/terv-therapie-par-exposition-virtuelle\/#breadcrumb","itemListElement":[{"@type":"ListItem","position":1,"name":"Accueil","item":"https:\/\/kantonad.fr\/"},{"@type":"ListItem","position":2,"name":"TERV : Th\u00e9rapie par Exposition R\u00e9alit\u00e9 Virtuelle"}]},{"@type":"WebSite","@id":"https:\/\/kantonad.fr\/#website","url":"https:\/\/kantonad.fr\/","name":"Nadia Kantorowicz","description":"","potentialAction":[{"@type":"SearchAction","target":{"@type":"EntryPoint","urlTemplate":"https:\/\/kantonad.fr\/?s={search_term_string}"},"query-input":{"@type":"PropertyValueSpecification","valueRequired":true,"valueName":"search_term_string"}}],"inLanguage":"fr-FR"}]}},"_links":{"self":[{"href":"https:\/\/kantonad.fr\/index.php\/wp-json\/wp\/v2\/pages\/27","targetHints":{"allow":["GET"]}}],"collection":[{"href":"https:\/\/kantonad.fr\/index.php\/wp-json\/wp\/v2\/pages"}],"about":[{"href":"https:\/\/kantonad.fr\/index.php\/wp-json\/wp\/v2\/types\/page"}],"author":[{"embeddable":true,"href":"https:\/\/kantonad.fr\/index.php\/wp-json\/wp\/v2\/users\/1"}],"replies":[{"embeddable":true,"href":"https:\/\/kantonad.fr\/index.php\/wp-json\/wp\/v2\/comments?post=27"}],"version-history":[{"count":50,"href":"https:\/\/kantonad.fr\/index.php\/wp-json\/wp\/v2\/pages\/27\/revisions"}],"predecessor-version":[{"id":724,"href":"https:\/\/kantonad.fr\/index.php\/wp-json\/wp\/v2\/pages\/27\/revisions\/724"}],"wp:attachment":[{"href":"https:\/\/kantonad.fr\/index.php\/wp-json\/wp\/v2\/media?parent=27"}],"curies":[{"name":"wp","href":"https:\/\/api.w.org\/{rel}","templated":true}]}}