{"id":30,"date":"2025-11-01T09:39:36","date_gmt":"2025-11-01T09:39:36","guid":{"rendered":"https:\/\/kantonad.fr\/?page_id=30"},"modified":"2026-02-09T13:47:44","modified_gmt":"2026-02-09T13:47:44","slug":"contact","status":"publish","type":"page","link":"https:\/\/kantonad.fr\/index.php\/contact\/","title":{"rendered":"Prendre rendez-vous"},"content":{"rendered":"\t\t<div data-elementor-type=\"wp-page\" data-elementor-id=\"30\" class=\"elementor elementor-30\">\n\t\t\t\t<div class=\"elementor-element elementor-element-3c3c644 e-flex e-con-boxed e-con e-parent\" data-id=\"3c3c644\" data-element_type=\"container\">\n\t\t\t\t\t<div class=\"e-con-inner\">\n\t\t<div class=\"elementor-element elementor-element-f3648f1 e-con-full e-flex e-con e-child\" data-id=\"f3648f1\" data-element_type=\"container\">\n\t\t\t\t<div class=\"elementor-element elementor-element-5a1e696 elementor-widget elementor-widget-text-editor\" data-id=\"5a1e696\" data-element_type=\"widget\" data-widget_type=\"text-editor.default\">\n\t\t\t\t\t\t\t\t\t<p>TARIFS :&nbsp;<\/p>\n<p><span style=\"text-decoration: underline;\"><strong>Addictologie<\/strong><\/span> : premi\u00e8re s\u00e9ance 1 heure : 65 euros<\/p>\n<p>suivi de 30 minutes : 30 euros&nbsp;<\/p>\n<p>Possibilit\u00e9 de visio.<\/p>\n<p><span style=\"text-decoration: underline;\"><strong>Psychog\u00e9n\u00e9alogie : s\u00e9ance de 4 heures :&nbsp;<\/strong><\/span><\/p>\n<p>300 euros ; possibilit\u00e9 de paiement&nbsp; en plusieurs fois,&nbsp;<\/p>\t\t\t\t\t\t\t\t<\/div>\n\t\t\t\t<\/div>\n\t\t<div class=\"elementor-element elementor-element-80408e9 e-con-full e-flex e-con e-child\" data-id=\"80408e9\" data-element_type=\"container\">\n\t\t\t\t<div class=\"elementor-element elementor-element-269fc27 elementor-widget elementor-widget-text-editor\" data-id=\"269fc27\" data-element_type=\"widget\" data-widget_type=\"text-editor.default\">\n\t\t\t\t\t\t\t\t\t<p>TARIFS :&nbsp;<\/p>\n<p><span style=\"text-decoration: underline;\"><strong>MBSR&nbsp;<\/strong><\/span>&nbsp; : 1 heure<\/p>\n<p>65 euros&nbsp;<\/p>\n<p><span style=\"font-size: 1rem;\">Possibilit\u00e9 de visio.<\/span><\/p>\n<p><u style=\"font-weight: bold;\">TERV :&nbsp; <\/u>1 heure&nbsp;<\/p>\n<p>70 euros ; possibilit\u00e9 de paiement ,&nbsp;<\/p>\t\t\t\t\t\t\t\t<\/div>\n\t\t\t\t<\/div>\n\t\t\t\t\t<\/div>\n\t\t\t\t<\/div>\n\t\t<div class=\"elementor-element elementor-element-5058498 e-flex e-con-boxed e-con e-parent\" data-id=\"5058498\" data-element_type=\"container\">\n\t\t\t\t\t<div class=\"e-con-inner\">\n\t\t\t\t<div class=\"elementor-element elementor-element-53bbed7 elementor-widget elementor-widget-shortcode\" data-id=\"53bbed7\" data-element_type=\"widget\" data-widget_type=\"shortcode.default\">\n\t\t\t\t\t\t\t<div class=\"elementor-shortcode\">\n<div class=\"wpcf7 no-js\" id=\"wpcf7-f460-o1\" lang=\"fr-FR\" dir=\"ltr\" data-wpcf7-id=\"460\">\n<div class=\"screen-reader-response\"><p role=\"status\" aria-live=\"polite\" aria-atomic=\"true\"><\/p> <ul><\/ul><\/div>\n<form action=\"\/index.php\/wp-json\/wp\/v2\/pages\/30#wpcf7-f460-o1\" method=\"post\" class=\"wpcf7-form init\" aria-label=\"Formulaire de contact\" novalidate=\"novalidate\" data-status=\"init\">\n<fieldset class=\"hidden-fields-container\"><input type=\"hidden\" name=\"_wpcf7\" value=\"460\" \/><input type=\"hidden\" name=\"_wpcf7_version\" value=\"6.1.4\" \/><input type=\"hidden\" name=\"_wpcf7_locale\" value=\"fr_FR\" \/><input type=\"hidden\" name=\"_wpcf7_unit_tag\" value=\"wpcf7-f460-o1\" \/><input type=\"hidden\" name=\"_wpcf7_container_post\" value=\"0\" \/><input type=\"hidden\" name=\"_wpcf7_posted_data_hash\" value=\"\" \/>\n<\/fieldset>\n<p><label> Votre nom<br \/>\n<span class=\"wpcf7-form-control-wrap\" data-name=\"your-name\"><input size=\"40\" maxlength=\"400\" class=\"wpcf7-form-control wpcf7-text wpcf7-validates-as-required\" autocomplete=\"name\" aria-required=\"true\" aria-invalid=\"false\" value=\"\" type=\"text\" name=\"your-name\" \/><\/span> <\/label>\n<\/p>\n<p><label> Votre e-mail<br \/>\n<span class=\"wpcf7-form-control-wrap\" data-name=\"your-email\"><input size=\"40\" maxlength=\"400\" class=\"wpcf7-form-control wpcf7-email wpcf7-validates-as-required wpcf7-text wpcf7-validates-as-email\" autocomplete=\"email\" aria-required=\"true\" aria-invalid=\"false\" value=\"\" type=\"email\" name=\"your-email\" \/><\/span> <\/label>\n<\/p>\n<p><label> Objet<br \/>\n<span class=\"wpcf7-form-control-wrap\" data-name=\"your-subject\"><input size=\"40\" maxlength=\"400\" class=\"wpcf7-form-control wpcf7-text wpcf7-validates-as-required\" aria-required=\"true\" aria-invalid=\"false\" value=\"\" type=\"text\" name=\"your-subject\" \/><\/span> <\/label>\n<\/p>\n<p><label> Votre message (facultatif)<br \/>\n<span class=\"wpcf7-form-control-wrap\" data-name=\"your-message\"><textarea cols=\"40\" rows=\"10\" maxlength=\"2000\" class=\"wpcf7-form-control wpcf7-textarea\" aria-invalid=\"false\" name=\"your-message\"><\/textarea><\/span> <\/label>\n<\/p>\n<p><input class=\"wpcf7-form-control wpcf7-submit has-spinner\" type=\"submit\" value=\"Envoyer\" \/>\n<\/p><div class=\"wpcf7-response-output\" aria-hidden=\"true\"><\/div>\n<\/form>\n<\/div>\n<\/div>\n\t\t\t\t\t\t<\/div>\n\t\t\t\t\t<\/div>\n\t\t\t\t<\/div>\n\t\t<div class=\"elementor-element elementor-element-a55b0cf e-flex e-con-boxed e-con e-parent\" data-id=\"a55b0cf\" data-element_type=\"container\">\n\t\t\t\t\t<div class=\"e-con-inner\">\n\t\t\t\t\t<\/div>\n\t\t\t\t<\/div>\n\t\t\t\t<\/div>\n\t\t","protected":false},"excerpt":{"rendered":"<p>TARIFS :&nbsp; Addictologie : premi\u00e8re s\u00e9ance 1 heure : 65 euros suivi de 30 minutes : 30 euros&nbsp; Possibilit\u00e9 de visio. Psychog\u00e9n\u00e9alogie : s\u00e9ance de 4 heures :&nbsp; 300 euros ; possibilit\u00e9 de paiement&nbsp; en plusieurs fois,&nbsp; TARIFS :&nbsp; MBSR&nbsp;&nbsp; : 1 heure 65 euros&nbsp; Possibilit\u00e9 de visio. TERV :&nbsp; 1 heure&nbsp; 70 euros ; [&hellip;]<\/p>\n","protected":false},"author":1,"featured_media":0,"parent":0,"menu_order":0,"comment_status":"closed","ping_status":"closed","template":"","meta":{"footnotes":""},"class_list":["post-30","page","type-page","status-publish","hentry"],"yoast_head":"<!-- This site is optimized with the Yoast SEO plugin v26.6 - https:\/\/yoast.com\/wordpress\/plugins\/seo\/ -->\n<title>Prendre rendez-vous - Nadia Kantorowicz<\/title>\n<meta name=\"description\" content=\"Formulaire de contact + tarifS des consultations sur mes domaines de comp\u00e9tences en addictologie, psychog\u00e9n\u00e9alogie, TERV, MBSR. N.KANTOROWICZ\" \/>\n<meta name=\"robots\" content=\"index, follow, max-snippet:-1, max-image-preview:large, max-video-preview:-1\" \/>\n<link rel=\"canonical\" href=\"https:\/\/kantonad.fr\/index.php\/contact\/\" \/>\n<meta property=\"og:locale\" content=\"fr_FR\" \/>\n<meta property=\"og:type\" content=\"article\" \/>\n<meta property=\"og:title\" content=\"Prendre rendez-vous - Nadia Kantorowicz\" \/>\n<meta property=\"og:description\" content=\"Formulaire de contact + tarifS des consultations sur mes domaines de comp\u00e9tences en addictologie, psychog\u00e9n\u00e9alogie, TERV, MBSR. N.KANTOROWICZ\" \/>\n<meta property=\"og:url\" content=\"https:\/\/kantonad.fr\/index.php\/contact\/\" \/>\n<meta property=\"og:site_name\" content=\"Nadia Kantorowicz\" \/>\n<meta property=\"article:modified_time\" content=\"2026-02-09T13:47:44+00:00\" \/>\n<meta name=\"twitter:card\" content=\"summary_large_image\" \/>\n<meta name=\"twitter:label1\" content=\"Dur\u00e9e de lecture estim\u00e9e\" \/>\n\t<meta name=\"twitter:data1\" content=\"1 minute\" \/>\n<script type=\"application\/ld+json\" class=\"yoast-schema-graph\">{\"@context\":\"https:\/\/schema.org\",\"@graph\":[{\"@type\":\"WebPage\",\"@id\":\"https:\/\/kantonad.fr\/index.php\/contact\/\",\"url\":\"https:\/\/kantonad.fr\/index.php\/contact\/\",\"name\":\"Prendre rendez-vous - Nadia Kantorowicz\",\"isPartOf\":{\"@id\":\"https:\/\/kantonad.fr\/#website\"},\"datePublished\":\"2025-11-01T09:39:36+00:00\",\"dateModified\":\"2026-02-09T13:47:44+00:00\",\"description\":\"Formulaire de contact + tarifS des consultations sur mes domaines de comp\u00e9tences en addictologie, psychog\u00e9n\u00e9alogie, TERV, MBSR. N.KANTOROWICZ\",\"breadcrumb\":{\"@id\":\"https:\/\/kantonad.fr\/index.php\/contact\/#breadcrumb\"},\"inLanguage\":\"fr-FR\",\"potentialAction\":[{\"@type\":\"ReadAction\",\"target\":[\"https:\/\/kantonad.fr\/index.php\/contact\/\"]}]},{\"@type\":\"BreadcrumbList\",\"@id\":\"https:\/\/kantonad.fr\/index.php\/contact\/#breadcrumb\",\"itemListElement\":[{\"@type\":\"ListItem\",\"position\":1,\"name\":\"Accueil\",\"item\":\"https:\/\/kantonad.fr\/\"},{\"@type\":\"ListItem\",\"position\":2,\"name\":\"Prendre rendez-vous\"}]},{\"@type\":\"WebSite\",\"@id\":\"https:\/\/kantonad.fr\/#website\",\"url\":\"https:\/\/kantonad.fr\/\",\"name\":\"Nadia Kantorowicz\",\"description\":\"\",\"potentialAction\":[{\"@type\":\"SearchAction\",\"target\":{\"@type\":\"EntryPoint\",\"urlTemplate\":\"https:\/\/kantonad.fr\/?s={search_term_string}\"},\"query-input\":{\"@type\":\"PropertyValueSpecification\",\"valueRequired\":true,\"valueName\":\"search_term_string\"}}],\"inLanguage\":\"fr-FR\"}]}<\/script>\n<!-- \/ Yoast SEO plugin. -->","yoast_head_json":{"title":"Prendre rendez-vous - Nadia Kantorowicz","description":"Formulaire de contact + tarifS des consultations sur mes domaines de comp\u00e9tences en addictologie, psychog\u00e9n\u00e9alogie, TERV, MBSR. N.KANTOROWICZ","robots":{"index":"index","follow":"follow","max-snippet":"max-snippet:-1","max-image-preview":"max-image-preview:large","max-video-preview":"max-video-preview:-1"},"canonical":"https:\/\/kantonad.fr\/index.php\/contact\/","og_locale":"fr_FR","og_type":"article","og_title":"Prendre rendez-vous - Nadia Kantorowicz","og_description":"Formulaire de contact + tarifS des consultations sur mes domaines de comp\u00e9tences en addictologie, psychog\u00e9n\u00e9alogie, TERV, MBSR. N.KANTOROWICZ","og_url":"https:\/\/kantonad.fr\/index.php\/contact\/","og_site_name":"Nadia Kantorowicz","article_modified_time":"2026-02-09T13:47:44+00:00","twitter_card":"summary_large_image","twitter_misc":{"Dur\u00e9e de lecture estim\u00e9e":"1 minute"},"schema":{"@context":"https:\/\/schema.org","@graph":[{"@type":"WebPage","@id":"https:\/\/kantonad.fr\/index.php\/contact\/","url":"https:\/\/kantonad.fr\/index.php\/contact\/","name":"Prendre rendez-vous - Nadia Kantorowicz","isPartOf":{"@id":"https:\/\/kantonad.fr\/#website"},"datePublished":"2025-11-01T09:39:36+00:00","dateModified":"2026-02-09T13:47:44+00:00","description":"Formulaire de contact + tarifS des consultations sur mes domaines de comp\u00e9tences en addictologie, psychog\u00e9n\u00e9alogie, TERV, MBSR. N.KANTOROWICZ","breadcrumb":{"@id":"https:\/\/kantonad.fr\/index.php\/contact\/#breadcrumb"},"inLanguage":"fr-FR","potentialAction":[{"@type":"ReadAction","target":["https:\/\/kantonad.fr\/index.php\/contact\/"]}]},{"@type":"BreadcrumbList","@id":"https:\/\/kantonad.fr\/index.php\/contact\/#breadcrumb","itemListElement":[{"@type":"ListItem","position":1,"name":"Accueil","item":"https:\/\/kantonad.fr\/"},{"@type":"ListItem","position":2,"name":"Prendre rendez-vous"}]},{"@type":"WebSite","@id":"https:\/\/kantonad.fr\/#website","url":"https:\/\/kantonad.fr\/","name":"Nadia Kantorowicz","description":"","potentialAction":[{"@type":"SearchAction","target":{"@type":"EntryPoint","urlTemplate":"https:\/\/kantonad.fr\/?s={search_term_string}"},"query-input":{"@type":"PropertyValueSpecification","valueRequired":true,"valueName":"search_term_string"}}],"inLanguage":"fr-FR"}]}},"_links":{"self":[{"href":"https:\/\/kantonad.fr\/index.php\/wp-json\/wp\/v2\/pages\/30","targetHints":{"allow":["GET"]}}],"collection":[{"href":"https:\/\/kantonad.fr\/index.php\/wp-json\/wp\/v2\/pages"}],"about":[{"href":"https:\/\/kantonad.fr\/index.php\/wp-json\/wp\/v2\/types\/page"}],"author":[{"embeddable":true,"href":"https:\/\/kantonad.fr\/index.php\/wp-json\/wp\/v2\/users\/1"}],"replies":[{"embeddable":true,"href":"https:\/\/kantonad.fr\/index.php\/wp-json\/wp\/v2\/comments?post=30"}],"version-history":[{"count":68,"href":"https:\/\/kantonad.fr\/index.php\/wp-json\/wp\/v2\/pages\/30\/revisions"}],"predecessor-version":[{"id":744,"href":"https:\/\/kantonad.fr\/index.php\/wp-json\/wp\/v2\/pages\/30\/revisions\/744"}],"wp:attachment":[{"href":"https:\/\/kantonad.fr\/index.php\/wp-json\/wp\/v2\/media?parent=30"}],"curies":[{"name":"wp","href":"https:\/\/api.w.org\/{rel}","templated":true}]}}