{"id":538,"date":"2025-12-26T09:41:21","date_gmt":"2025-12-26T09:41:21","guid":{"rendered":"https:\/\/kantonad.fr\/?page_id=538"},"modified":"2026-01-19T09:09:00","modified_gmt":"2026-01-19T09:09:00","slug":"mentions-legales","status":"publish","type":"page","link":"https:\/\/kantonad.fr\/index.php\/mentions-legales\/","title":{"rendered":"mentions l\u00e9gales"},"content":{"rendered":"\t\t<div data-elementor-type=\"wp-page\" data-elementor-id=\"538\" class=\"elementor elementor-538\">\n\t\t\t\t<div class=\"elementor-element elementor-element-6ea08fdc e-flex e-con-boxed e-con e-parent\" data-id=\"6ea08fdc\" data-element_type=\"container\">\n\t\t\t\t\t<div class=\"e-con-inner\">\n\t\t\t\t<div class=\"elementor-element elementor-element-7dcd4b85 elementor-widget elementor-widget-text-editor\" data-id=\"7dcd4b85\" data-element_type=\"widget\" data-widget_type=\"text-editor.default\">\n\t\t\t\t\t\t\t\t\t\n<p><strong>1- L\u2019identit\u00e9 de l\u2019\u00e9diteur :<\/strong><\/p>\n\n<ul class=\"wp-block-list\">\n<li>KANTOROWICZ Nadia<\/li>\n<li>auto -entrepreneur<\/li>\n<li>Adresse : 15 B rue des Noyers 69005 Lyon\u00a0<\/li>\n<li>nadat649@gmail.com<\/li>\n<li>06 17 83 25 28<\/li>\n<\/ul>\n\n<p><strong>2- L\u2019identit\u00e9 de l\u2019h\u00e9bergeur :<\/strong><\/p>\n\n<ul class=\"wp-block-list\">\n<li>Num\u00e9ro SIRET : 828 773 150 00028\u00a0<\/li>\n<li>Ville d&rsquo;immatriculation : Lyon<\/li>\n<\/ul>\n\n<p><strong>3- Activit\u00e9s:<\/strong><\/p>\n<p><strong>\u00a0<\/strong>Accompagnement th\u00e9rapeutique en addictologie, psychog\u00e9n\u00e9alogie, MBSR et TERV (Th\u00e9rapie par Exposition \u00e0 la R\u00e9alit\u00e9 Virtuelle.<br data-start=\"985\" data-end=\"988\" \/>Les s\u00e9ances sont propos\u00e9es \u00e0 domicile, en cabinet\u00a0 avec une possibilit\u00e9 d&rsquo;\u00eatre en visio pour le suivi.<\/p>\n<p>Cet accompagnement s\u2019inscrit dans une d\u00e9marche de soutien, il est compl\u00e9mentaire et ne se substitue en aucun cas \u00e0 un suivi m\u00e9dical, psychologique ou psychiatrique, ni \u00e0 un traitement prescrit par un professionnel de sant\u00e9. Les accompagnements propos\u00e9s reposent sur des formations professionnelles valid\u00e9es et une exp\u00e9rience dans le domaine de l\u2019accompagnement des personnes<\/p>\n<p><strong>4- H\u00e9bergement :\u00a0<\/strong><\/p>\n<ul>\n<li>H\u00e9bergeur :OVH cloud<\/li>\n<li>Adresse :\u00a0 2, rue Kellermann, 59100 Roubaix.<\/li>\n<li>T\u00e9l\u00e9phone : 09 72 10 10 07<\/li>\n<\/ul>\n<p data-start=\"1637\" data-end=\"1854\"><strong data-start=\"1637\" data-end=\"1665\">Propri\u00e9t\u00e9 intellectuelle<\/strong><br data-start=\"1665\" data-end=\"1668\" \/>L\u2019ensemble des contenus pr\u00e9sents sur ce site est la propri\u00e9t\u00e9 exclusive de Nadia\u00a0 Kantorowicz, sauf mention contraire. Toute reproduction ou utilisation sans autorisation \u00e9crite est interdite.<\/p>\n<p data-start=\"1856\" data-end=\"2181\"><strong data-start=\"1856\" data-end=\"1880\">Donn\u00e9es personnelles<\/strong><br data-start=\"1880\" data-end=\"1883\" \/>Les informations collect\u00e9es via le formulaire de contact sont strictement confidentielles et destin\u00e9es uniquement \u00e0 [Pr\u00e9nom Nom].<br data-start=\"2012\" data-end=\"2015\" \/>Conform\u00e9ment \u00e0 la r\u00e9glementation en vigueur, vous disposez d\u2019un droit d\u2019acc\u00e8s, de rectification et de suppression des donn\u00e9es vous concernant en contactant : nadat649@gmail.com.<\/p>\n<p data-start=\"1856\" data-end=\"2181\">Le contenu de ce site a une vocation informative. Il ne constitue pas une publicit\u00e9 au sens des dispositions applicables aux professions de sant\u00e9 r\u00e9glement\u00e9es.<\/p>\n\n<p>\u00a0<\/p>\n\n<p>\u00a0<\/p>\n\t\t\t\t\t\t\t\t<\/div>\n\t\t\t\t\t<\/div>\n\t\t\t\t<\/div>\n\t\t\t\t<\/div>\n\t\t","protected":false},"excerpt":{"rendered":"<p>1- L\u2019identit\u00e9 de l\u2019\u00e9diteur : 2- L\u2019identit\u00e9 de l\u2019h\u00e9bergeur : 3- Activit\u00e9s: \u00a0Accompagnement th\u00e9rapeutique en addictologie, psychog\u00e9n\u00e9alogie, MBSR et TERV (Th\u00e9rapie par Exposition \u00e0 la R\u00e9alit\u00e9 Virtuelle.Les s\u00e9ances sont propos\u00e9es \u00e0 domicile, en cabinet\u00a0 avec une possibilit\u00e9 d&rsquo;\u00eatre en visio pour le suivi. Cet accompagnement s\u2019inscrit dans une d\u00e9marche de soutien, il est compl\u00e9mentaire et [&hellip;]<\/p>\n","protected":false},"author":1,"featured_media":0,"parent":0,"menu_order":0,"comment_status":"closed","ping_status":"closed","template":"","meta":{"footnotes":""},"class_list":["post-538","page","type-page","status-publish","hentry"],"yoast_head":"<!-- This site is optimized with the Yoast SEO plugin v26.6 - https:\/\/yoast.com\/wordpress\/plugins\/seo\/ -->\n<title>mentions l\u00e9gales - Nadia Kantorowicz<\/title>\n<meta name=\"description\" content=\"Nadia KANTOROWICZ th\u00e9rapeute addictologue , \u00e9thique et d\u00e9ontologique. Kantorowicz respecte les notions de mentions l\u00e9gales pour les soins.\" \/>\n<meta name=\"robots\" content=\"index, follow, max-snippet:-1, max-image-preview:large, max-video-preview:-1\" \/>\n<link rel=\"canonical\" href=\"https:\/\/kantonad.fr\/index.php\/mentions-legales\/\" \/>\n<meta property=\"og:locale\" content=\"fr_FR\" \/>\n<meta property=\"og:type\" content=\"article\" \/>\n<meta property=\"og:title\" content=\"mentions l\u00e9gales - Nadia Kantorowicz\" \/>\n<meta property=\"og:description\" content=\"Nadia KANTOROWICZ th\u00e9rapeute addictologue , \u00e9thique et d\u00e9ontologique. Kantorowicz respecte les notions de mentions l\u00e9gales pour les soins.\" \/>\n<meta property=\"og:url\" content=\"https:\/\/kantonad.fr\/index.php\/mentions-legales\/\" \/>\n<meta property=\"og:site_name\" content=\"Nadia Kantorowicz\" \/>\n<meta property=\"article:modified_time\" content=\"2026-01-19T09:09:00+00:00\" \/>\n<meta name=\"twitter:card\" content=\"summary_large_image\" \/>\n<meta name=\"twitter:label1\" content=\"Dur\u00e9e de lecture estim\u00e9e\" \/>\n\t<meta name=\"twitter:data1\" content=\"2 minutes\" \/>\n<script type=\"application\/ld+json\" class=\"yoast-schema-graph\">{\"@context\":\"https:\/\/schema.org\",\"@graph\":[{\"@type\":\"WebPage\",\"@id\":\"https:\/\/kantonad.fr\/index.php\/mentions-legales\/\",\"url\":\"https:\/\/kantonad.fr\/index.php\/mentions-legales\/\",\"name\":\"mentions l\u00e9gales - Nadia Kantorowicz\",\"isPartOf\":{\"@id\":\"https:\/\/kantonad.fr\/#website\"},\"datePublished\":\"2025-12-26T09:41:21+00:00\",\"dateModified\":\"2026-01-19T09:09:00+00:00\",\"description\":\"Nadia KANTOROWICZ th\u00e9rapeute addictologue , \u00e9thique et d\u00e9ontologique. Kantorowicz respecte les notions de mentions l\u00e9gales pour les soins.\",\"breadcrumb\":{\"@id\":\"https:\/\/kantonad.fr\/index.php\/mentions-legales\/#breadcrumb\"},\"inLanguage\":\"fr-FR\",\"potentialAction\":[{\"@type\":\"ReadAction\",\"target\":[\"https:\/\/kantonad.fr\/index.php\/mentions-legales\/\"]}]},{\"@type\":\"BreadcrumbList\",\"@id\":\"https:\/\/kantonad.fr\/index.php\/mentions-legales\/#breadcrumb\",\"itemListElement\":[{\"@type\":\"ListItem\",\"position\":1,\"name\":\"Accueil\",\"item\":\"https:\/\/kantonad.fr\/\"},{\"@type\":\"ListItem\",\"position\":2,\"name\":\"mentions l\u00e9gales\"}]},{\"@type\":\"WebSite\",\"@id\":\"https:\/\/kantonad.fr\/#website\",\"url\":\"https:\/\/kantonad.fr\/\",\"name\":\"Nadia Kantorowicz\",\"description\":\"\",\"potentialAction\":[{\"@type\":\"SearchAction\",\"target\":{\"@type\":\"EntryPoint\",\"urlTemplate\":\"https:\/\/kantonad.fr\/?s={search_term_string}\"},\"query-input\":{\"@type\":\"PropertyValueSpecification\",\"valueRequired\":true,\"valueName\":\"search_term_string\"}}],\"inLanguage\":\"fr-FR\"}]}<\/script>\n<!-- \/ Yoast SEO plugin. -->","yoast_head_json":{"title":"mentions l\u00e9gales - Nadia Kantorowicz","description":"Nadia KANTOROWICZ th\u00e9rapeute addictologue , \u00e9thique et d\u00e9ontologique. Kantorowicz respecte les notions de mentions l\u00e9gales pour les soins.","robots":{"index":"index","follow":"follow","max-snippet":"max-snippet:-1","max-image-preview":"max-image-preview:large","max-video-preview":"max-video-preview:-1"},"canonical":"https:\/\/kantonad.fr\/index.php\/mentions-legales\/","og_locale":"fr_FR","og_type":"article","og_title":"mentions l\u00e9gales - Nadia Kantorowicz","og_description":"Nadia KANTOROWICZ th\u00e9rapeute addictologue , \u00e9thique et d\u00e9ontologique. Kantorowicz respecte les notions de mentions l\u00e9gales pour les soins.","og_url":"https:\/\/kantonad.fr\/index.php\/mentions-legales\/","og_site_name":"Nadia Kantorowicz","article_modified_time":"2026-01-19T09:09:00+00:00","twitter_card":"summary_large_image","twitter_misc":{"Dur\u00e9e de lecture estim\u00e9e":"2 minutes"},"schema":{"@context":"https:\/\/schema.org","@graph":[{"@type":"WebPage","@id":"https:\/\/kantonad.fr\/index.php\/mentions-legales\/","url":"https:\/\/kantonad.fr\/index.php\/mentions-legales\/","name":"mentions l\u00e9gales - Nadia Kantorowicz","isPartOf":{"@id":"https:\/\/kantonad.fr\/#website"},"datePublished":"2025-12-26T09:41:21+00:00","dateModified":"2026-01-19T09:09:00+00:00","description":"Nadia KANTOROWICZ th\u00e9rapeute addictologue , \u00e9thique et d\u00e9ontologique. Kantorowicz respecte les notions de mentions l\u00e9gales pour les soins.","breadcrumb":{"@id":"https:\/\/kantonad.fr\/index.php\/mentions-legales\/#breadcrumb"},"inLanguage":"fr-FR","potentialAction":[{"@type":"ReadAction","target":["https:\/\/kantonad.fr\/index.php\/mentions-legales\/"]}]},{"@type":"BreadcrumbList","@id":"https:\/\/kantonad.fr\/index.php\/mentions-legales\/#breadcrumb","itemListElement":[{"@type":"ListItem","position":1,"name":"Accueil","item":"https:\/\/kantonad.fr\/"},{"@type":"ListItem","position":2,"name":"mentions l\u00e9gales"}]},{"@type":"WebSite","@id":"https:\/\/kantonad.fr\/#website","url":"https:\/\/kantonad.fr\/","name":"Nadia Kantorowicz","description":"","potentialAction":[{"@type":"SearchAction","target":{"@type":"EntryPoint","urlTemplate":"https:\/\/kantonad.fr\/?s={search_term_string}"},"query-input":{"@type":"PropertyValueSpecification","valueRequired":true,"valueName":"search_term_string"}}],"inLanguage":"fr-FR"}]}},"_links":{"self":[{"href":"https:\/\/kantonad.fr\/index.php\/wp-json\/wp\/v2\/pages\/538","targetHints":{"allow":["GET"]}}],"collection":[{"href":"https:\/\/kantonad.fr\/index.php\/wp-json\/wp\/v2\/pages"}],"about":[{"href":"https:\/\/kantonad.fr\/index.php\/wp-json\/wp\/v2\/types\/page"}],"author":[{"embeddable":true,"href":"https:\/\/kantonad.fr\/index.php\/wp-json\/wp\/v2\/users\/1"}],"replies":[{"embeddable":true,"href":"https:\/\/kantonad.fr\/index.php\/wp-json\/wp\/v2\/comments?post=538"}],"version-history":[{"count":9,"href":"https:\/\/kantonad.fr\/index.php\/wp-json\/wp\/v2\/pages\/538\/revisions"}],"predecessor-version":[{"id":651,"href":"https:\/\/kantonad.fr\/index.php\/wp-json\/wp\/v2\/pages\/538\/revisions\/651"}],"wp:attachment":[{"href":"https:\/\/kantonad.fr\/index.php\/wp-json\/wp\/v2\/media?parent=538"}],"curies":[{"name":"wp","href":"https:\/\/api.w.org\/{rel}","templated":true}]}}